{"id":4878,"date":"2025-01-22T16:49:22","date_gmt":"2025-01-22T15:49:22","guid":{"rendered":"https:\/\/zimbany.com\/?post_type=product&#038;p=4878"},"modified":"2025-12-03T10:45:46","modified_gmt":"2025-12-03T09:45:46","slug":"basic-kids-hoody-dino","status":"publish","type":"product","link":"https:\/\/zimbany.com\/en\/product\/basic-kids-hoody-dino\/","title":{"rendered":"Basic Kids Hoody &#8222;Dino&#8220;"},"content":{"rendered":"<p><strong>Basic Kids Hoody &#8222;Dino&#8220; \u2013 Der coole Begleiter f\u00fcr kleine Dino-Fans<\/strong><\/p>\n<p>Bereit, den Alltag mit einem stylishen Statement zu rocken? Mit unserem <strong>Basic Kids Hoody &#8222;Dino&#8220;<\/strong> wird jeder Tag zu einem Highlight. Ob f\u00fcr wilde Abenteuer oder gem\u00fctliche Stunden \u2013 dieser Hoody verbindet Komfort mit jeder Menge Style!<\/p>\n<p>\ud83e\udd96 <strong>Design-Highlight<\/strong><br \/>\nDer farbenfrohe Druck eines Dinosauriers mit Kopfh\u00f6rern bringt coole Vibes und einen Hauch von Urzeit-Faszination ins Spiel. W\u00e4hle deinen Lieblings-Druckort:<\/p>\n<ul>\n<li><strong>Vorne mittig:<\/strong> F\u00fcr einen auff\u00e4lligen Look, der alle Blicke auf sich zieht.<\/li>\n<li><strong>Vorne Herzseite:<\/strong> F\u00fcr einen dezenten, stylishen Akzent.<\/li>\n<li><strong>Hinten mittig:<\/strong> F\u00fcr einen \u00dcberraschungseffekt, der beim Weggehen begeistert.<\/li>\n<\/ul>\n<p>\ud83c\udfa8 <strong>Dein Style, deine Farbe<\/strong><br \/>\nPasse den Hoody deinem Geschmack an und w\u00e4hle aus verschiedenen Farben \u2013 von knallig bis klassisch. Dein Hoody, dein Stil!<\/p>\n<p>\ud83d\udc55 <strong>Hochwertige Verarbeitung<\/strong><\/p>\n<ul>\n<li><strong>Material:<\/strong> 65% Baumwolle \/ 35% Polyester \u2013 weich, strapazierf\u00e4hig und pflegeleicht<\/li>\n<li><strong>Gewicht:<\/strong> 300 g\/m\u00b2 \u2013 perfekt f\u00fcr k\u00fchle Tage und gem\u00fctliche Abende<\/li>\n<li><strong>Kapuze:<\/strong> Ohne Kordel \u2013 sicher und perfekt f\u00fcr Kinder<\/li>\n<li><strong>Details:<\/strong> Klassische Ripp-B\u00fcndchen an \u00c4rmeln und Saum sorgen f\u00fcr einen angenehmen Sitz<\/li>\n<li><strong>Extras:<\/strong> Gro\u00dfe K\u00e4ngurutasche auf der Vorderseite \u2013 ideal f\u00fcr kleine Sch\u00e4tze oder kalte H\u00e4nde<\/li>\n<\/ul>\n<p>\ud83e\udd95 <strong>Hol dir jetzt den Basic Kids Hoody &#8222;Dino&#8220;<\/strong> und bringe den coolsten Dino-Style in den Alltag deines Kindes!<\/p>","protected":false},"excerpt":{"rendered":"<p><strong>Basic Kids Hoody &#8222;Dino&#8220; \u2013 Der coole Begleiter f\u00fcr kleine Dino-Fans<\/strong><\/p>\n<p>Bereit, den Alltag mit einem stylishen Statement zu rocken? Mit unserem <strong>Basic Kids Hoody &#8222;Dino&#8220;<\/strong> wird jeder Tag zu einem Highlight. Ob f\u00fcr wilde Abenteuer oder gem\u00fctliche Stunden \u2013 dieser Hoody verbindet Komfort mit jeder Menge Style!<\/p>","protected":false},"featured_media":4883,"comment_status":"open","ping_status":"closed","template":"","meta":{"_acf_changed":false},"product_cat":[205,34,204],"product_tag":[],"class_list":{"0":"post-4878","1":"product","2":"type-product","3":"status-publish","4":"has-post-thumbnail","6":"product_cat-jungs","7":"product_cat-kids","8":"product_cat-maedchen","9":"pa_brand-colorful-kollektion","11":"first","12":"instock","13":"taxable","14":"shipping-taxable","15":"purchasable","16":"product-type-variable","swatches":"rey-swatches","show_selected":""},"aioseo_notices":[],"acf":[],"jetpack_sharing_enabled":true,"_links":{"self":[{"href":"https:\/\/zimbany.com\/en\/wp-json\/wp\/v2\/product\/4878","targetHints":{"allow":["GET"]}}],"collection":[{"href":"https:\/\/zimbany.com\/en\/wp-json\/wp\/v2\/product"}],"about":[{"href":"https:\/\/zimbany.com\/en\/wp-json\/wp\/v2\/types\/product"}],"replies":[{"embeddable":true,"href":"https:\/\/zimbany.com\/en\/wp-json\/wp\/v2\/comments?post=4878"}],"wp:featuredmedia":[{"embeddable":true,"href":"https:\/\/zimbany.com\/en\/wp-json\/wp\/v2\/media\/4883"}],"wp:attachment":[{"href":"https:\/\/zimbany.com\/en\/wp-json\/wp\/v2\/media?parent=4878"}],"wp:term":[{"taxonomy":"product_cat","embeddable":true,"href":"https:\/\/zimbany.com\/en\/wp-json\/wp\/v2\/product_cat?post=4878"},{"taxonomy":"product_tag","embeddable":true,"href":"https:\/\/zimbany.com\/en\/wp-json\/wp\/v2\/product_tag?post=4878"}],"curies":[{"name":"wp","href":"https:\/\/api.w.org\/{rel}","templated":true}]}}