{"id":4870,"date":"2025-01-22T16:33:39","date_gmt":"2025-01-22T15:33:39","guid":{"rendered":"https:\/\/zimbany.com\/?post_type=product&#038;p=4870"},"modified":"2025-09-15T16:34:07","modified_gmt":"2025-09-15T14:34:07","slug":"basic-kids-hoody-sherlock-duck","status":"publish","type":"product","link":"https:\/\/zimbany.com\/en\/product\/basic-kids-hoody-sherlock-duck\/","title":{"rendered":"Basic Kids Hoody &#8222;Sherlock Duck&#8220;"},"content":{"rendered":"<p><strong>Basic Kids Hoody &#8222;Sherlock Duck&#8220; \u2013 F\u00fcr kleine Detektive mit gro\u00dfem Stil<\/strong><\/p>\n<p>Bereit f\u00fcr Abenteuer? Mit unserem <strong>Basic Kids Hoody &#8222;Sherlock Duck&#8220;<\/strong> k\u00f6nnen kleine Sp\u00fcrnasen ihren Look auf die n\u00e4chste Stufe bringen. Kuschelig, stylish und perfekt f\u00fcr jeden Tag \u2013 ein Hoody, der einfach Spa\u00df macht!<\/p>\n<p>\ud83d\udd0d <strong>Design-Highlight<\/strong><br \/>\nDer coole Farbdruck mit Sherlock Duck macht den Hoody zu einem echten Hingucker. W\u00e4hle deinen Lieblings-Druckort:<\/p>\n<ul>\n<li><strong>Vorne mittig:<\/strong> F\u00fcr einen auff\u00e4lligen Look mit Detektiv-Charme.<\/li>\n<li><strong>Vorne Herzseite:<\/strong> F\u00fcr einen subtilen, charmanten Akzent.<\/li>\n<li><strong>Hinten mittig:<\/strong> F\u00fcr einen \u00dcberraschungseffekt bei jedem Weggehen.<\/li>\n<\/ul>\n<p>\ud83c\udfa8 <strong>Dein Style, deine Farbe<\/strong><br \/>\nW\u00e4hle die Farbe des Hoodys individuell aus \u2013 passend zu deinem Stil oder deiner Stimmung. So wird der Hoody zum perfekten Begleiter f\u00fcr jedes Abenteuer.<\/p>\n<p>\ud83d\udc55 <strong>Hochwertige Verarbeitung<\/strong><\/p>\n<ul>\n<li><strong>Material:<\/strong> 65% Baumwolle \/ 35% Polyester \u2013 f\u00fcr ein weiches Tragegef\u00fchl und lange Haltbarkeit<\/li>\n<li><strong>Gewicht:<\/strong> 300 g\/m\u00b2 \u2013 warm und bequem, ideal f\u00fcr k\u00fchle Tage<\/li>\n<li><strong>Kapuze:<\/strong> Ohne Kordel \u2013 sicher und kinderfreundlich<\/li>\n<li><strong>Details:<\/strong> Klassische Ripp-B\u00fcndchen an \u00c4rmeln und Saum sorgen f\u00fcr eine perfekte Passform<\/li>\n<li><strong>Extras:<\/strong> Gro\u00dfe K\u00e4ngurutasche auf der Vorderseite \u2013 ideal f\u00fcr kleine Sch\u00e4tze oder kalte H\u00e4nde<\/li>\n<\/ul>\n<p>\ud83e\udd86 <strong>Hol dir jetzt den Basic Kids Hoody &#8222;Sherlock Duck&#8220;<\/strong> und lass dein Kind in die Rolle des cleversten Detektivs schl\u00fcpfen!<\/p>","protected":false},"excerpt":{"rendered":"<p><strong>Basic Kids Hoody &#8222;Sherlock Duck&#8220; \u2013 F\u00fcr kleine Detektive mit gro\u00dfem Stil<\/strong><\/p>\n<p>Bereit f\u00fcr Abenteuer? Mit unserem <strong>Basic Kids Hoody &#8222;Sherlock Duck&#8220;<\/strong> k\u00f6nnen kleine Sp\u00fcrnasen ihren Look auf die n\u00e4chste Stufe bringen. Kuschelig, stylish und perfekt f\u00fcr jeden Tag \u2013 ein Hoody, der einfach Spa\u00df macht!<\/p>","protected":false},"featured_media":4877,"comment_status":"open","ping_status":"closed","template":"","meta":{"_acf_changed":false},"product_cat":[205,34,204],"product_tag":[],"class_list":{"0":"post-4870","1":"product","2":"type-product","3":"status-publish","4":"has-post-thumbnail","6":"product_cat-jungs","7":"product_cat-kids","8":"product_cat-maedchen","9":"pa_brand-colorful-kollektion","11":"first","12":"instock","13":"taxable","14":"shipping-taxable","15":"purchasable","16":"product-type-variable","swatches":"rey-swatches","show_selected":""},"aioseo_notices":[],"acf":[],"jetpack_sharing_enabled":true,"_links":{"self":[{"href":"https:\/\/zimbany.com\/en\/wp-json\/wp\/v2\/product\/4870","targetHints":{"allow":["GET"]}}],"collection":[{"href":"https:\/\/zimbany.com\/en\/wp-json\/wp\/v2\/product"}],"about":[{"href":"https:\/\/zimbany.com\/en\/wp-json\/wp\/v2\/types\/product"}],"replies":[{"embeddable":true,"href":"https:\/\/zimbany.com\/en\/wp-json\/wp\/v2\/comments?post=4870"}],"wp:featuredmedia":[{"embeddable":true,"href":"https:\/\/zimbany.com\/en\/wp-json\/wp\/v2\/media\/4877"}],"wp:attachment":[{"href":"https:\/\/zimbany.com\/en\/wp-json\/wp\/v2\/media?parent=4870"}],"wp:term":[{"taxonomy":"product_cat","embeddable":true,"href":"https:\/\/zimbany.com\/en\/wp-json\/wp\/v2\/product_cat?post=4870"},{"taxonomy":"product_tag","embeddable":true,"href":"https:\/\/zimbany.com\/en\/wp-json\/wp\/v2\/product_tag?post=4870"}],"curies":[{"name":"wp","href":"https:\/\/api.w.org\/{rel}","templated":true}]}}