{"id":4711,"date":"2024-12-24T12:02:09","date_gmt":"2024-12-24T11:02:09","guid":{"rendered":"https:\/\/zimbany.com\/?post_type=product&#038;p=4711"},"modified":"2025-09-15T16:34:06","modified_gmt":"2025-09-15T14:34:06","slug":"maenner-ultra-heavy-oversized-hoody-psalm-praying-hands-stick","status":"publish","type":"product","link":"https:\/\/zimbany.com\/en\/product\/maenner-ultra-heavy-oversized-hoody-psalm-praying-hands-stick\/","title":{"rendered":"M\u00e4nner Ultra Heavy Oversized Hoody &#8222;Psalm &#038; Praying Hands&#8220; Stick"},"content":{"rendered":"<p><strong>M\u00e4nner Ultra Heavy Oversized Hoody &#8222;Psalm &amp; Praying Hands&#8220; Stick \u2013 Dein Statement mit Botschaft<\/strong><\/p>\n<p>Dieser Hoody vereint kuschelige Gem\u00fctlichkeit mit pers\u00f6nlicher Bedeutung. Der <em>M\u00e4nner Ultra Heavy Oversized<\/em> <em>Hoody<\/em> ist das perfekte Kleidungsst\u00fcck, um deinen Glauben und Stil zugleich auszudr\u00fccken.<\/p>\n<h3><strong>Design mit pers\u00f6nlicher Note<\/strong><\/h3>\n<ul>\n<li><strong>R\u00fcckseite<\/strong>: Ein elegantes Kreuz wird mit einem Psalm deiner Wahl bestickt \u2013 trage deine Botschaft immer bei dir. Den Psalm kannst du ganz einfach im Textfeld angeben.<\/li>\n<li><strong>Vorderseite<\/strong>: W\u00e4hle selbst, ob die betenden H\u00e4nde auf der Herzseite oder vorne mittig platziert werden sollen.<\/li>\n<\/ul>\n<h3><strong>Komfort trifft auf Stil<\/strong><\/h3>\n<ul>\n<li><strong>Material<\/strong>: 80% Baumwolle und 20% Polyester sorgen f\u00fcr ein weiches, angenehmes Tragegef\u00fchl. Mit 500 g\/m\u00b2 bietet der Hoody W\u00e4rme und Langlebigkeit.<\/li>\n<li><strong>Loose Fit Passform<\/strong>: Bequemer Schnitt, ideal f\u00fcr l\u00e4ssige Outfits oder entspannte Tage.<\/li>\n<li><strong>Praktische Features<\/strong>: K\u00e4ngurutasche vorne, Kapuze f\u00fcr zus\u00e4tzliche Gem\u00fctlichkeit, und Ripp-B\u00fcndchen an Saum und \u00c4rmeln f\u00fcr einen modernen Look.<\/li>\n<\/ul>\n<h3><strong>Dein Hoodie, dein Glaube, dein Style<\/strong><\/h3>\n<p>Der <em>&#8222;Psalm &amp; Praying Hands&#8220; Stick<\/em> Hoody ist mehr als nur ein Kleidungsst\u00fcck \u2013 er ist ein Ausdruck deines Glaubens, kombiniert mit einem trendigen Design. Die M\u00f6glichkeit zur Personalisierung macht ihn zu einem einzigartigen Must-have in deiner Garderobe.<\/p>\n<p>\u2728 <strong>Mach ihn zu deinem Lieblingsst\u00fcck und trage deine Werte mit Stolz!<\/strong><\/p>","protected":false},"excerpt":{"rendered":"<p><strong>M\u00e4nner Ultra Heavy Oversized Hoody &#8222;Psalm &amp; Praying Hands&#8220; Stick \u2013 Dein Statement mit Botschaft<\/strong><\/p>\n<p>Dieser Hoody vereint kuschelige Gem\u00fctlichkeit mit pers\u00f6nlicher Bedeutung. Der <em>M\u00e4nner Ultra Heavy Oversized<\/em> <em>Hoody<\/em> ist das perfekte Kleidungsst\u00fcck, um deinen Glauben und Stil zugleich auszudr\u00fccken.<\/p>","protected":false},"featured_media":4721,"comment_status":"open","ping_status":"closed","template":"","meta":{"_acf_changed":false},"product_cat":[183,64,37,147],"product_tag":[],"class_list":{"0":"post-4711","1":"product","2":"type-product","3":"status-publish","4":"has-post-thumbnail","6":"product_cat-faithful-fashion-statements","7":"product_cat-kleidung","8":"product_cat-men","9":"product_cat-sweatshirts-hoodies-men","10":"pa_brand-faithful-fashion","12":"first","13":"instock","14":"taxable","15":"shipping-taxable","16":"purchasable","17":"product-type-variable","swatches":"rey-swatches","show_selected":""},"aioseo_notices":[],"acf":[],"jetpack_sharing_enabled":true,"_links":{"self":[{"href":"https:\/\/zimbany.com\/en\/wp-json\/wp\/v2\/product\/4711","targetHints":{"allow":["GET"]}}],"collection":[{"href":"https:\/\/zimbany.com\/en\/wp-json\/wp\/v2\/product"}],"about":[{"href":"https:\/\/zimbany.com\/en\/wp-json\/wp\/v2\/types\/product"}],"replies":[{"embeddable":true,"href":"https:\/\/zimbany.com\/en\/wp-json\/wp\/v2\/comments?post=4711"}],"wp:featuredmedia":[{"embeddable":true,"href":"https:\/\/zimbany.com\/en\/wp-json\/wp\/v2\/media\/4721"}],"wp:attachment":[{"href":"https:\/\/zimbany.com\/en\/wp-json\/wp\/v2\/media?parent=4711"}],"wp:term":[{"taxonomy":"product_cat","embeddable":true,"href":"https:\/\/zimbany.com\/en\/wp-json\/wp\/v2\/product_cat?post=4711"},{"taxonomy":"product_tag","embeddable":true,"href":"https:\/\/zimbany.com\/en\/wp-json\/wp\/v2\/product_tag?post=4711"}],"curies":[{"name":"wp","href":"https:\/\/api.w.org\/{rel}","templated":true}]}}