{"id":4595,"date":"2024-10-29T15:17:17","date_gmt":"2024-10-29T14:17:17","guid":{"rendered":"https:\/\/zimbany.com\/?post_type=product&#038;p=4595"},"modified":"2026-02-22T15:42:56","modified_gmt":"2026-02-22T14:42:56","slug":"men-ultra-heavy-oversized-hoody-sneaker-head","status":"publish","type":"product","link":"https:\/\/zimbany.com\/en\/product\/men-ultra-heavy-oversized-hoody-sneaker-head\/","title":{"rendered":"Men Ultra Heavy Oversized Hoody &#8222;Sneaker Head&#8220;"},"content":{"rendered":"<p><strong>Men\u2019s Ultra Heavy Oversized Hoody &#8222;Sneaker Head&#8220;<\/strong> \u2013 der ultimative Hoody f\u00fcr alle Sneaker-Liebhaber!<\/p>\n<p>Mit einem markanten &#8222;Sneaker Head&#8220;-Design, das entweder auf der Vorder- oder R\u00fcckseite platziert werden kann, setzt du ein kraftvolles Statement. Die extra gro\u00dfe Kapuze und die breiten Rippenb\u00fcndchen an \u00c4rmeln und Saum verleihen dem Hoodie nicht nur Style, sondern auch einen gem\u00fctlichen Tragekomfort. Der Urban Fit mit l\u00e4ssig-\u00fcberschnittenen Schultern sorgt dabei f\u00fcr eine starke, maskuline Silhouette.<\/p>\n<p>Gefertigt aus ultra-schwerem Brushed Fleece (500 g\/m\u00b2) mit 80% Baumwolle und 20% Polyester, bietet der Hoody W\u00e4rme und Langlebigkeit \u2013 ideal f\u00fcr kalte Tage und Streetwear-Vibes. Die integrierten K\u00e4ngurutaschen sind ein cooles Detail, das Funktionalit\u00e4t und Style vereint.<\/p>\n<p><strong>Zeige deine Leidenschaft f\u00fcr Sneaker in einem Look, der unverwechselbar ist \u2013 dein &#8222;Sneaker Head&#8220;-Hoody wartet auf dich!<\/strong><\/p>","protected":false},"excerpt":{"rendered":"<p><strong>Men\u2019s Ultra Heavy Oversized Hoody &#8222;Sneaker Head&#8220;<\/strong> \u2013 der ultimative Hoody f\u00fcr alle Sneaker-Liebhaber!<\/p>","protected":false},"featured_media":4604,"comment_status":"open","ping_status":"closed","template":"","meta":{"_acf_changed":false},"product_cat":[37,147],"product_tag":[],"class_list":{"0":"post-4595","1":"product","2":"type-product","3":"status-publish","4":"has-post-thumbnail","6":"product_cat-men","7":"product_cat-sweatshirts-hoodies-men","8":"pa_brand-colorful-kollektion","10":"first","11":"instock","12":"taxable","13":"shipping-taxable","14":"purchasable","15":"product-type-variable","swatches":"rey-swatches","show_selected":""},"aioseo_notices":[],"acf":[],"jetpack_sharing_enabled":true,"_links":{"self":[{"href":"https:\/\/zimbany.com\/en\/wp-json\/wp\/v2\/product\/4595","targetHints":{"allow":["GET"]}}],"collection":[{"href":"https:\/\/zimbany.com\/en\/wp-json\/wp\/v2\/product"}],"about":[{"href":"https:\/\/zimbany.com\/en\/wp-json\/wp\/v2\/types\/product"}],"replies":[{"embeddable":true,"href":"https:\/\/zimbany.com\/en\/wp-json\/wp\/v2\/comments?post=4595"}],"wp:featuredmedia":[{"embeddable":true,"href":"https:\/\/zimbany.com\/en\/wp-json\/wp\/v2\/media\/4604"}],"wp:attachment":[{"href":"https:\/\/zimbany.com\/en\/wp-json\/wp\/v2\/media?parent=4595"}],"wp:term":[{"taxonomy":"product_cat","embeddable":true,"href":"https:\/\/zimbany.com\/en\/wp-json\/wp\/v2\/product_cat?post=4595"},{"taxonomy":"product_tag","embeddable":true,"href":"https:\/\/zimbany.com\/en\/wp-json\/wp\/v2\/product_tag?post=4595"}],"curies":[{"name":"wp","href":"https:\/\/api.w.org\/{rel}","templated":true}]}}