{"id":4342,"date":"2024-03-09T20:08:11","date_gmt":"2024-03-09T20:08:11","guid":{"rendered":"https:\/\/zimbany.com\/?post_type=product&#038;p=4342"},"modified":"2025-01-24T20:37:38","modified_gmt":"2025-01-24T19:37:38","slug":"womens-premium-t-stay-pawsitive","status":"publish","type":"product","link":"https:\/\/zimbany.com\/en\/product\/womens-premium-t-stay-pawsitive\/","title":{"rendered":"Women\u00b4s Premium-T &#8222;stay pawsitive&#8220;"},"content":{"rendered":"<p>Lass deinen Stil sprechen und verbreite positive Vibes mit unserem Women&#8217;s Premium-T, bedruckt mit &#8222;stay pawsitive&#8220; und einem s\u00fc\u00dfen Pfotenabdruck auf der Vorderseite. Dieses T-Shirt ist nicht nur ein Kleidungsst\u00fcck, sondern eine Botschaft f\u00fcr alle Tierliebhaber da drau\u00dfen.<\/p>\n<p>Die Farbe des Aufdrucks ist vollst\u00e4ndig anpassbar \u2013 w\u00e4hle aus unserer vielf\u00e4ltigen Farbpalette in der Bildergalerie die perfekte Nuance aus, die deine Pers\u00f6nlichkeit widerspiegelt.<\/p>\n<p>Wir legen nicht nur Wert auf Stil, sondern auch auf ethische Produktion. Dieses Premium-T-Shirt wird unter fairen Arbeitsbedingungen hergestellt und ist mit dem Oeko-Tex 100 Zertifikat ausgezeichnet. Das bedeutet, dass du nicht nur gut aussiehst, sondern auch mit gutem Gewissen tragen kannst.<\/p>\n<p>Mit einer Grammatur von 180 g\/m\u00b2 und aus hochwertiger Baumwolle (Sports Grey: 85% Baumwolle \/ 15% Viskose) gefertigt, bietet dieses Premium-T-Shirt nicht nur einen fantastischen Tragekomfort, sondern ist auch strapazierf\u00e4hig und langlebig.<\/p>\n<p>Setze ein modisches Statement und zeige deine Liebe zu Tieren \u2013 hol dir noch heute das Women&#8217;s Premium-T mit &#8222;stay pawsitive&#8220; und einem Pfotenabdruck!<\/p>","protected":false},"excerpt":{"rendered":"<p>Lass deinen Stil sprechen und verbreite positive Vibes mit unserem Women&#8217;s Premium-T, bedruckt mit &#8222;stay pawsitive&#8220; und einem s\u00fc\u00dfen Pfotenabdruck auf der Vorderseite. Dieses T-Shirt ist nicht nur ein Kleidungsst\u00fcck, sondern eine Botschaft f\u00fcr alle Tierliebhaber da drau\u00dfen.<\/p>","protected":false},"featured_media":4349,"comment_status":"open","ping_status":"closed","template":"","meta":{"_acf_changed":false},"product_cat":[53,182,64,135],"product_tag":[],"class_list":{"0":"post-4342","1":"product","2":"type-product","3":"status-publish","4":"has-post-thumbnail","6":"product_cat-frauen","7":"product_cat-haustier-kollektion","8":"product_cat-kleidung","9":"product_cat-t-shirts","10":"pa_brand-haustier-kollektion","12":"first","13":"instock","14":"taxable","15":"shipping-taxable","16":"purchasable","17":"product-type-variable","swatches":"rey-swatches","show_selected":""},"aioseo_notices":[],"acf":[],"jetpack_sharing_enabled":true,"_links":{"self":[{"href":"https:\/\/zimbany.com\/en\/wp-json\/wp\/v2\/product\/4342","targetHints":{"allow":["GET"]}}],"collection":[{"href":"https:\/\/zimbany.com\/en\/wp-json\/wp\/v2\/product"}],"about":[{"href":"https:\/\/zimbany.com\/en\/wp-json\/wp\/v2\/types\/product"}],"replies":[{"embeddable":true,"href":"https:\/\/zimbany.com\/en\/wp-json\/wp\/v2\/comments?post=4342"}],"wp:featuredmedia":[{"embeddable":true,"href":"https:\/\/zimbany.com\/en\/wp-json\/wp\/v2\/media\/4349"}],"wp:attachment":[{"href":"https:\/\/zimbany.com\/en\/wp-json\/wp\/v2\/media?parent=4342"}],"wp:term":[{"taxonomy":"product_cat","embeddable":true,"href":"https:\/\/zimbany.com\/en\/wp-json\/wp\/v2\/product_cat?post=4342"},{"taxonomy":"product_tag","embeddable":true,"href":"https:\/\/zimbany.com\/en\/wp-json\/wp\/v2\/product_tag?post=4342"}],"curies":[{"name":"wp","href":"https:\/\/api.w.org\/{rel}","templated":true}]}}