{"id":4334,"date":"2024-03-09T17:49:44","date_gmt":"2024-03-09T17:49:44","guid":{"rendered":"https:\/\/zimbany.com\/?post_type=product&#038;p=4334"},"modified":"2024-12-20T14:14:32","modified_gmt":"2024-12-20T13:14:32","slug":"ladies-oversized-boyfriend-tee-life-is-better-with","status":"publish","type":"product","link":"https:\/\/zimbany.com\/en\/product\/ladies-oversized-boyfriend-tee-life-is-better-with\/","title":{"rendered":"Ladies Oversized Boyfriend Tee &#8222;Life is better with&#8230;&#8220;"},"content":{"rendered":"<p>Bereite dich darauf vor, mit unserem Ladies Oversized Boyfriend Tee deinen Style auf ein neues Level zu heben! Der Spruch &#8222;Life is better with a Dog by your side&#8220; auf der Vorderseite sagt alles \u2013 das Leben ist einfach besser in Begleitung deines treuen Vierbeiners.<\/p>\n<p>Die Farbe des aufgedruckten Statements kannst du nach deinem pers\u00f6nlichen Geschmack ausw\u00e4hlen. Mit unserer Farbpalette in der Bildergalerie stehen dir zahlreiche Optionen zur Verf\u00fcgung, um deinen individuellen Stil zu unterstreichen.<\/p>\n<p>Der moderne Oversized-Schnitt verleiht dem T-Shirt eine l\u00e4ssige Note, w\u00e4hrend der klassische Rundhalsausschnitt und die weiten \u00c4rmel f\u00fcr einen entspannten und bequemen Look sorgen. Das Single-Jersey-Material f\u00fchlt sich angenehm auf der Haut an und garantiert ein leichtes Tragegef\u00fchl.<\/p>\n<p>Bei uns geht Mode \u00fcber das hinaus \u2013 wir stehen f\u00fcr Fairness und ethische Arbeitsbedingungen. Unser Tee erf\u00fcllt nicht nur h\u00f6chste Qualit\u00e4tsstandards (REACH), sondern wurde auch unter fairen Bedingungen hergestellt.<\/p>\n<p>Also, worauf wartest du noch? Hol dir heute noch deinen Ladies Oversized Boyfriend Tee, zeige der Welt deine Liebe zu Hunden und mache ein Statement mit Stil!<\/p>","protected":false},"excerpt":{"rendered":"<p>Bereite dich darauf vor, mit unserem Ladies Oversized Boyfriend Tee deinen Style auf ein neues Level zu heben! Der Spruch &#8222;Life is better with a dog by your side&#8220; auf der Vorderseite sagt alles \u2013 das Leben ist einfach besser in Begleitung deines treuen Vierbeiners.<\/p>","protected":false},"featured_media":4340,"comment_status":"open","ping_status":"closed","template":"","meta":{"_acf_changed":false},"product_cat":[53,182,64,135],"product_tag":[],"class_list":{"0":"post-4334","1":"product","2":"type-product","3":"status-publish","4":"has-post-thumbnail","6":"product_cat-frauen","7":"product_cat-haustier-kollektion","8":"product_cat-kleidung","9":"product_cat-t-shirts","10":"pa_brand-haustier-kollektion","12":"first","13":"instock","14":"taxable","15":"shipping-taxable","16":"purchasable","17":"product-type-variable","swatches":"rey-swatches","show_selected":""},"aioseo_notices":[],"acf":[],"jetpack_sharing_enabled":true,"_links":{"self":[{"href":"https:\/\/zimbany.com\/en\/wp-json\/wp\/v2\/product\/4334","targetHints":{"allow":["GET"]}}],"collection":[{"href":"https:\/\/zimbany.com\/en\/wp-json\/wp\/v2\/product"}],"about":[{"href":"https:\/\/zimbany.com\/en\/wp-json\/wp\/v2\/types\/product"}],"replies":[{"embeddable":true,"href":"https:\/\/zimbany.com\/en\/wp-json\/wp\/v2\/comments?post=4334"}],"wp:featuredmedia":[{"embeddable":true,"href":"https:\/\/zimbany.com\/en\/wp-json\/wp\/v2\/media\/4340"}],"wp:attachment":[{"href":"https:\/\/zimbany.com\/en\/wp-json\/wp\/v2\/media?parent=4334"}],"wp:term":[{"taxonomy":"product_cat","embeddable":true,"href":"https:\/\/zimbany.com\/en\/wp-json\/wp\/v2\/product_cat?post=4334"},{"taxonomy":"product_tag","embeddable":true,"href":"https:\/\/zimbany.com\/en\/wp-json\/wp\/v2\/product_tag?post=4334"}],"curies":[{"name":"wp","href":"https:\/\/api.w.org\/{rel}","templated":true}]}}