{"id":4189,"date":"2024-02-15T13:59:14","date_gmt":"2024-02-15T13:59:14","guid":{"rendered":"https:\/\/zimbany.com\/?post_type=product&#038;p=4189"},"modified":"2024-10-26T20:05:49","modified_gmt":"2024-10-26T18:05:49","slug":"ladies-oversized-boyfriend-tee-old-english-mit-einem-wort-deiner-wahl","status":"publish","type":"product","link":"https:\/\/zimbany.com\/en\/product\/ladies-oversized-boyfriend-tee-old-english-mit-einem-wort-deiner-wahl\/","title":{"rendered":"Ladies Oversized Boyfriend Tee &#8222;Old English&#8220; mit einem Wort deiner Wahl"},"content":{"rendered":"<p>Steh zu deiner Einzigartigkeit mit unserem Ladies Oversized Boyfriend Tee \u2013 einem stylishen Statement f\u00fcr alle, die Individualit\u00e4t lieben!<\/p>\n<p>Das Wort deiner Wahl in alt englischer Schrift auf der Vorderseite gibt diesem Shirt eine klassisch-elegante Note, w\u00e4hrend auf der R\u00fcckseite stolz das Zimbany Logo prangt. Du bestimmst die Farbe des Aufdrucks anhand unserer vielf\u00e4ltigen Farbpalette, um deinen pers\u00f6nlichen Stil zu unterstreichen.<\/p>\n<p>Der moderne Oversized-Schnitt, der kultige Rundhalsausschnitt und die weiten \u00c4rmel verleihen dem Shirt den begehrten Boyfriend-Look. Gefertigt aus hochwertiger Baumwolle sorgt es f\u00fcr ein angenehmes Tragegef\u00fchl.<\/p>\n<p>Hol dir mit unserem Ladies Oversized Boyfriend Tee ein Kleidungsst\u00fcck, das mehr ist als nur ein Shirt \u2013 es ist Ausdruck deiner Pers\u00f6nlichkeit!<\/p>","protected":false},"excerpt":{"rendered":"<p>Steh zu deiner Einzigartigkeit mit unserem Ladies Oversized Boyfriend Tee \u2013 einem stylishen Statement f\u00fcr alle, die Individualit\u00e4t lieben!<\/p>","protected":false},"featured_media":4194,"comment_status":"open","ping_status":"closed","template":"","meta":{"_acf_changed":false},"product_cat":[183,53,64,135],"product_tag":[],"class_list":{"0":"post-4189","1":"product","2":"type-product","3":"status-publish","4":"has-post-thumbnail","6":"product_cat-faithful-fashion-statements","7":"product_cat-frauen","8":"product_cat-kleidung","9":"product_cat-t-shirts","10":"pa_brand-zimbany","12":"first","13":"instock","14":"taxable","15":"shipping-taxable","16":"purchasable","17":"product-type-variable","swatches":"rey-swatches","show_selected":""},"aioseo_notices":[],"acf":[],"jetpack_sharing_enabled":true,"_links":{"self":[{"href":"https:\/\/zimbany.com\/en\/wp-json\/wp\/v2\/product\/4189","targetHints":{"allow":["GET"]}}],"collection":[{"href":"https:\/\/zimbany.com\/en\/wp-json\/wp\/v2\/product"}],"about":[{"href":"https:\/\/zimbany.com\/en\/wp-json\/wp\/v2\/types\/product"}],"replies":[{"embeddable":true,"href":"https:\/\/zimbany.com\/en\/wp-json\/wp\/v2\/comments?post=4189"}],"wp:featuredmedia":[{"embeddable":true,"href":"https:\/\/zimbany.com\/en\/wp-json\/wp\/v2\/media\/4194"}],"wp:attachment":[{"href":"https:\/\/zimbany.com\/en\/wp-json\/wp\/v2\/media?parent=4189"}],"wp:term":[{"taxonomy":"product_cat","embeddable":true,"href":"https:\/\/zimbany.com\/en\/wp-json\/wp\/v2\/product_cat?post=4189"},{"taxonomy":"product_tag","embeddable":true,"href":"https:\/\/zimbany.com\/en\/wp-json\/wp\/v2\/product_tag?post=4189"}],"curies":[{"name":"wp","href":"https:\/\/api.w.org\/{rel}","templated":true}]}}