{"id":4144,"date":"2024-02-11T19:06:04","date_gmt":"2024-02-11T19:06:04","guid":{"rendered":"https:\/\/zimbany.com\/?post_type=product&#038;p=4144"},"modified":"2024-12-03T12:04:50","modified_gmt":"2024-12-03T11:04:50","slug":"ultra-heavy-cotton-box-tee","status":"publish","type":"product","link":"https:\/\/zimbany.com\/en\/product\/ultra-heavy-cotton-box-tee\/","title":{"rendered":"Ultra Heavy Cotton Box Tee"},"content":{"rendered":"<p>Das super weite Herren T-Shirt ist aus extra schwerem Stoff gefertigt, um dir einen einzigartigen Oversize Fit zu bieten. Der Rundhalsausschnitt und die \u00fcberschnittenen Schultern sorgen f\u00fcr eine moderne Silhouette, w\u00e4hrend der Zimbany Aufdruck auf der Vorderseite das T-Shirt zu einem echten Hingucker macht.<\/p>\n<p>Aber das ist noch nicht alles! Die R\u00fcckseite des Shirts ist mit einem dezenten Balken bedruckt mit einem Wort deiner Wahl darunter. Du bestimmst, welches Statement du setzen m\u00f6chtest \u2013 die Farbpalette in der Bildergalerie gibt dir die Freiheit, deinen Style zu individualisieren.<\/p>\n<p>Mit einer Grammatur von 300 g\/m\u00b2 und 100% Baumwolle bietet dieses T-Shirt nicht nur einen beeindruckenden Look, sondern auch einen unschlagbaren Tragekomfort. Gib deinem Style eine pers\u00f6nliche Note mit unserem Ultra Heavy Cotton Box Tee und zeige der Welt, wer du bist!<\/p>","protected":false},"excerpt":{"rendered":"<p>Tauche ein in ultimativen Komfort und Style mit unserem Ultra Heavy Cotton Box Tee! Dieses T-Shirt ist nicht nur ein Kleidungsst\u00fcck, es ist ein Erlebnis.<\/p>","protected":false},"featured_media":4158,"comment_status":"open","ping_status":"closed","template":"","meta":{"_acf_changed":false},"product_cat":[183,37,146],"product_tag":[],"class_list":{"0":"post-4144","1":"product","2":"type-product","3":"status-publish","4":"has-post-thumbnail","6":"product_cat-faithful-fashion-statements","7":"product_cat-men","8":"product_cat-t-shirts-men","9":"pa_brand-faithful-fashion","10":"pa_brand-zimbany","12":"first","13":"instock","14":"taxable","15":"shipping-taxable","16":"purchasable","17":"product-type-variable","swatches":"rey-swatches","show_selected":""},"aioseo_notices":[],"acf":[],"jetpack_sharing_enabled":true,"_links":{"self":[{"href":"https:\/\/zimbany.com\/en\/wp-json\/wp\/v2\/product\/4144","targetHints":{"allow":["GET"]}}],"collection":[{"href":"https:\/\/zimbany.com\/en\/wp-json\/wp\/v2\/product"}],"about":[{"href":"https:\/\/zimbany.com\/en\/wp-json\/wp\/v2\/types\/product"}],"replies":[{"embeddable":true,"href":"https:\/\/zimbany.com\/en\/wp-json\/wp\/v2\/comments?post=4144"}],"wp:featuredmedia":[{"embeddable":true,"href":"https:\/\/zimbany.com\/en\/wp-json\/wp\/v2\/media\/4158"}],"wp:attachment":[{"href":"https:\/\/zimbany.com\/en\/wp-json\/wp\/v2\/media?parent=4144"}],"wp:term":[{"taxonomy":"product_cat","embeddable":true,"href":"https:\/\/zimbany.com\/en\/wp-json\/wp\/v2\/product_cat?post=4144"},{"taxonomy":"product_tag","embeddable":true,"href":"https:\/\/zimbany.com\/en\/wp-json\/wp\/v2\/product_tag?post=4144"}],"curies":[{"name":"wp","href":"https:\/\/api.w.org\/{rel}","templated":true}]}}