{"id":4117,"date":"2024-02-11T16:14:55","date_gmt":"2024-02-11T16:14:55","guid":{"rendered":"https:\/\/zimbany.com\/?post_type=product&#038;p=4117"},"modified":"2024-11-10T23:36:55","modified_gmt":"2024-11-10T22:36:55","slug":"acid-washed-heavy-oversize-tee-focus","status":"publish","type":"product","link":"https:\/\/zimbany.com\/en\/product\/acid-washed-heavy-oversize-tee-focus\/","title":{"rendered":"Acid Washed Heavy Oversize Tee &#8222;Focus&#8220;"},"content":{"rendered":"<p>Komm in den Groove mit unserem Acid Washed Heavy Oversize Tee! Dieses T-Shirt ist nicht nur ein Kleidungsst\u00fcck, es ist eine Statement-Palette f\u00fcr deinen individuellen Style.<\/p>\n<p>Der Oversized Fit verleiht dir die entspannte Coolness, die du suchst. Die Acid Waschung bringt eine Prise Vintage-Vibes, w\u00e4hrend der gerippte Rundhalsausschnitt und die \u00fcberschnittenen Schultern f\u00fcr einen modernen Look sorgen.<\/p>\n<p>Personalisiere deinen Style, indem du die Farbe des Aufdrucks selbst ausw\u00e4hlst \u2013 die Farbpalette in der Bildergalerie gibt dir die Freiheit, deinen Look zu gestalten. Auf der Vorderseite prangt stolz das Zimbany Logo, w\u00e4hrend auf der R\u00fcckseite das kraftvolle Design &#8222;Focus&#8220; einen Blickfang bietet.<\/p>\n<p>Das Heavy Oversize Tee ist aus hochwertigem Single Jersey gefertigt und bietet dir einen angenehmen Tragekomfort. Mit 240 g\/m\u00b2 und 100% Baumwolle ist dieses T-Shirt nicht nur ein Fashion-Statement, sondern auch ein Statement f\u00fcr deine Pers\u00f6nlichkeit. Zeig der Welt deinen einzigartigen Style mit unserem Acid Washed Heavy Oversize Tee!<\/p>","protected":false},"excerpt":{"rendered":"<p>Komm in den Groove mit unserem Acid Washed Heavy Oversize Tee! Dieses T-Shirt ist nicht nur ein Kleidungsst\u00fcck, es ist eine Statement-Palette f\u00fcr deinen individuellen Style.<\/p>","protected":false},"featured_media":4130,"comment_status":"open","ping_status":"closed","template":"","meta":{"_acf_changed":false},"product_cat":[37,146],"product_tag":[],"class_list":{"0":"post-4117","1":"product","2":"type-product","3":"status-publish","4":"has-post-thumbnail","6":"product_cat-men","7":"product_cat-t-shirts-men","8":"pa_brand-zimbany","10":"first","11":"instock","12":"taxable","13":"shipping-taxable","14":"purchasable","15":"product-type-variable","swatches":"rey-swatches","show_selected":""},"aioseo_notices":[],"acf":[],"jetpack_sharing_enabled":true,"_links":{"self":[{"href":"https:\/\/zimbany.com\/en\/wp-json\/wp\/v2\/product\/4117","targetHints":{"allow":["GET"]}}],"collection":[{"href":"https:\/\/zimbany.com\/en\/wp-json\/wp\/v2\/product"}],"about":[{"href":"https:\/\/zimbany.com\/en\/wp-json\/wp\/v2\/types\/product"}],"replies":[{"embeddable":true,"href":"https:\/\/zimbany.com\/en\/wp-json\/wp\/v2\/comments?post=4117"}],"wp:featuredmedia":[{"embeddable":true,"href":"https:\/\/zimbany.com\/en\/wp-json\/wp\/v2\/media\/4130"}],"wp:attachment":[{"href":"https:\/\/zimbany.com\/en\/wp-json\/wp\/v2\/media?parent=4117"}],"wp:term":[{"taxonomy":"product_cat","embeddable":true,"href":"https:\/\/zimbany.com\/en\/wp-json\/wp\/v2\/product_cat?post=4117"},{"taxonomy":"product_tag","embeddable":true,"href":"https:\/\/zimbany.com\/en\/wp-json\/wp\/v2\/product_tag?post=4117"}],"curies":[{"name":"wp","href":"https:\/\/api.w.org\/{rel}","templated":true}]}}