{"id":4106,"date":"2024-02-11T14:53:50","date_gmt":"2024-02-11T14:53:50","guid":{"rendered":"https:\/\/zimbany.com\/?post_type=product&#038;p=4106"},"modified":"2024-04-20T15:31:12","modified_gmt":"2024-04-20T15:31:12","slug":"acid-washed-oversized-hoody-focus","status":"publish","type":"product","link":"https:\/\/zimbany.com\/en\/product\/acid-washed-oversized-hoody-focus\/","title":{"rendered":"Acid Washed Oversized Hoody &#8222;Focus&#8220;"},"content":{"rendered":"<p>Hol dir den ultimativen Streetwear-Style mit unserem Acid Washed Oversized Hoody! Dieser Hoodie setzt ein k\u00fchnes Statement und verbindet den l\u00e4ssigen Oversized Fit mit einem Hauch von Vintage-Vibes.<\/p>\n<p>Mit \u00fcberschnittenen Schultern und einem lockeren Sitz bietet dir dieser Hoody maximalen Komfort und verleiht deinem Look eine entspannte Coolness. Die Acid Waschung verleiht jedem Hoodie eine einzigartige Note, w\u00e4hrend die Kapuze mit mittiger Trennungsnaht einen modernen Touch verleiht.<\/p>\n<p>Personalisiere deinen Style, indem du die Farbe des Aufdrucks selbst ausw\u00e4hlst \u2013 die Palette in der Bildergalerie steht dir zur Verf\u00fcgung. Vorne prangt stolz das Zimbany Logo, w\u00e4hrend auf der R\u00fcckseite das kraftvolle Design &#8222;Focus&#8220; deinen einzigartigen Style unterstreicht.<\/p>\n<p>Der Hoody ist aus hochwertiger Baumwolle gefertigt und bietet mit Rippb\u00fcndchen an \u00c4rmeln und Saum eine perfekte Passform. Perfekt f\u00fcr entspannte Tage in der Stadt oder coole Streetwear-Looks \u2013 mit unserem Acid Washed Oversized Hoody setzt du Trends!<\/p>","protected":false},"excerpt":{"rendered":"<p>Hol dir den ultimativen Streetwear-Style mit unserem Acid Washed Oversized Hoody! Dieser Hoodie setzt ein k\u00fchnes Statement und verbindet den l\u00e4ssigen Oversized Fit mit einem Hauch von Vintage-Vibes.<\/p>","protected":false},"featured_media":4116,"comment_status":"open","ping_status":"closed","template":"","meta":{"_acf_changed":false},"product_cat":[37,147],"product_tag":[],"class_list":{"0":"post-4106","1":"product","2":"type-product","3":"status-publish","4":"has-post-thumbnail","6":"product_cat-men","7":"product_cat-sweatshirts-hoodies-men","8":"pa_brand-zimbany","10":"first","11":"instock","12":"taxable","13":"shipping-taxable","14":"purchasable","15":"product-type-variable","swatches":"rey-swatches","show_selected":""},"aioseo_notices":[],"acf":[],"jetpack_sharing_enabled":true,"_links":{"self":[{"href":"https:\/\/zimbany.com\/en\/wp-json\/wp\/v2\/product\/4106","targetHints":{"allow":["GET"]}}],"collection":[{"href":"https:\/\/zimbany.com\/en\/wp-json\/wp\/v2\/product"}],"about":[{"href":"https:\/\/zimbany.com\/en\/wp-json\/wp\/v2\/types\/product"}],"replies":[{"embeddable":true,"href":"https:\/\/zimbany.com\/en\/wp-json\/wp\/v2\/comments?post=4106"}],"wp:featuredmedia":[{"embeddable":true,"href":"https:\/\/zimbany.com\/en\/wp-json\/wp\/v2\/media\/4116"}],"wp:attachment":[{"href":"https:\/\/zimbany.com\/en\/wp-json\/wp\/v2\/media?parent=4106"}],"wp:term":[{"taxonomy":"product_cat","embeddable":true,"href":"https:\/\/zimbany.com\/en\/wp-json\/wp\/v2\/product_cat?post=4106"},{"taxonomy":"product_tag","embeddable":true,"href":"https:\/\/zimbany.com\/en\/wp-json\/wp\/v2\/product_tag?post=4106"}],"curies":[{"name":"wp","href":"https:\/\/api.w.org\/{rel}","templated":true}]}}