{"id":3873,"date":"2024-02-03T13:47:04","date_gmt":"2024-02-03T13:47:04","guid":{"rendered":"https:\/\/zimbany.com\/?post_type=product&#038;p=3873"},"modified":"2024-02-17T17:15:33","modified_gmt":"2024-02-17T17:15:33","slug":"vintage-canvas-weekender","status":"publish","type":"product","link":"https:\/\/zimbany.com\/en\/product\/vintage-canvas-weekender\/","title":{"rendered":"Zimbany Vintage Canvas Weekender"},"content":{"rendered":"<p>Bereit f\u00fcr einen Trip in vergangene Zeiten mit modernem Style? Unser &#8222;Vintage Canvas Weekender&#8220; ist mehr als nur eine Sport- und Reisetasche \u2013 er ist ein Statement f\u00fcr den individuellen Ausdruck von Abenteuerlust und zeitloser Eleganz.<\/p>\n<p>Das robuste Design aus 475 g\/m\u00b2 gewaschenem Baumwoll-Canvas verleiht dieser Tasche nicht nur eine authentische Vintage-\u00c4sthetik, sondern auch die Strapazierf\u00e4higkeit, die du f\u00fcr deine Reisen brauchst. Der abnehmbare, einstellbare gewebte Schultergurt und der extra lange Rei\u00dfverschluss am Hauptfach bieten nicht nur m\u00fchelosen Zugang, sondern auch eine individuelle Tragem\u00f6glichkeit.<\/p>\n<p>Die Rei\u00dfverschlusstasche vorne erm\u00f6glicht eine praktische Organisation, w\u00e4hrend die abgesetzten Griffe und Einfassungen der Tasche einen Hauch von Raffinesse verleihen. Der gepolsterte Handgriff und der gepolsterte Boden sorgen f\u00fcr zus\u00e4tzlichen Komfort und Schutz deiner Habseligkeiten.<\/p>\n<p>Mit sch\u00fctzenden Standf\u00fc\u00dfen und umschlagbaren Enden mit Druckkn\u00f6pfen wird diese Tasche nicht nur zu deinem zuverl\u00e4ssigen Reisebegleiter, sondern auch zu einem stilvollen Accessoire. Das Volumen von ca. 30 Litern bietet ausreichend Platz f\u00fcr deine Essentials, sei es f\u00fcr einen Wochenendausflug oder dein n\u00e4chstes Sportabenteuer.<\/p>\n<p>Entwickelt gem\u00e4\u00df den REACH-Richtlinien steht der &#8222;Vintage Canvas Weekender&#8220; nicht nur f\u00fcr Style, sondern auch f\u00fcr Nachhaltigkeit. Aus 100% Baumwolle gefertigt, ist er zwar nicht waschbar, aber das ist der Preis f\u00fcr hochwertige Verarbeitung und zeitloses Design.<\/p>\n<p>Hol dir jetzt deinen &#8222;Vintage Canvas Weekender&#8220; und mach dich bereit f\u00fcr stilvolle Reisen und sportliche Abenteuer! \ud83c\udf0d\ud83d\udc5c\ud83d\ude80<\/p>","protected":false},"excerpt":{"rendered":"<p>Bereit f\u00fcr einen Trip in vergangene Zeiten mit modernem Style? Unser &#8222;Vintage Canvas Weekender&#8220; ist mehr als nur eine Sport- und Reisetasche \u2013 er ist ein Statement f\u00fcr den individuellen Ausdruck von Abenteuerlust und zeitloser Eleganz.<\/p>","protected":false},"featured_media":3883,"comment_status":"open","ping_status":"closed","template":"","meta":{"_acf_changed":false},"product_cat":[177,176,60],"product_tag":[],"class_list":{"0":"post-3873","1":"product","2":"type-product","3":"status-publish","4":"has-post-thumbnail","6":"product_cat-reisetaschen","7":"product_cat-sporttaschen","8":"product_cat-taschen","10":"first","11":"instock","12":"taxable","13":"shipping-taxable","14":"purchasable","15":"product-type-variable","swatches":"rey-swatches","show_selected":""},"aioseo_notices":[],"acf":[],"jetpack_sharing_enabled":true,"_links":{"self":[{"href":"https:\/\/zimbany.com\/en\/wp-json\/wp\/v2\/product\/3873","targetHints":{"allow":["GET"]}}],"collection":[{"href":"https:\/\/zimbany.com\/en\/wp-json\/wp\/v2\/product"}],"about":[{"href":"https:\/\/zimbany.com\/en\/wp-json\/wp\/v2\/types\/product"}],"replies":[{"embeddable":true,"href":"https:\/\/zimbany.com\/en\/wp-json\/wp\/v2\/comments?post=3873"}],"wp:featuredmedia":[{"embeddable":true,"href":"https:\/\/zimbany.com\/en\/wp-json\/wp\/v2\/media\/3883"}],"wp:attachment":[{"href":"https:\/\/zimbany.com\/en\/wp-json\/wp\/v2\/media?parent=3873"}],"wp:term":[{"taxonomy":"product_cat","embeddable":true,"href":"https:\/\/zimbany.com\/en\/wp-json\/wp\/v2\/product_cat?post=3873"},{"taxonomy":"product_tag","embeddable":true,"href":"https:\/\/zimbany.com\/en\/wp-json\/wp\/v2\/product_tag?post=3873"}],"curies":[{"name":"wp","href":"https:\/\/api.w.org\/{rel}","templated":true}]}}