{"id":3864,"date":"2024-02-03T12:57:23","date_gmt":"2024-02-03T12:57:23","guid":{"rendered":"https:\/\/zimbany.com\/?post_type=product&#038;p=3864"},"modified":"2024-02-03T13:23:20","modified_gmt":"2024-02-03T13:23:20","slug":"sport-und-reisetasche","status":"publish","type":"product","link":"https:\/\/zimbany.com\/en\/product\/sport-und-reisetasche\/","title":{"rendered":"Sport- und Reisetasche"},"content":{"rendered":"<p>Bereit f\u00fcr das ultimative Abenteuer? Unsere Sport- und Reisetasche definiert Funktionalit\u00e4t neu und bringt dabei Style und Komfort auf ein neues Level.<\/p>\n<p>Hergestellt aus strapazierf\u00e4higem Polyester 900d, ist diese Tasche bereit f\u00fcr jede Herausforderung, die dein aktiver Lebensstil mit sich bringt. Das gro\u00dfe, gepolsterte Rei\u00dfverschluss-Hauptfach mit attraktiver Steppung bietet nicht nur ausreichend Platz, sondern verleiht der Tasche auch einen modernen und dynamischen Look.<\/p>\n<p>Die seitliche Druckknopffixierung sorgt daf\u00fcr, dass die Tasche optimal beladen werden kann, w\u00e4hrend das Rei\u00dfverschluss-Netzfach und die Netz-Einsteckf\u00e4cher im Inneren die perfekte Organisation erm\u00f6glichen. Verstaue deine Essentials im Handumdrehen und behalte den \u00dcberblick, egal ob beim Sport oder auf Reisen.<\/p>\n<p>Das gro\u00dfe, gepolsterte Rei\u00dfverschluss-Fach auf der R\u00fcckseite bietet nicht nur zus\u00e4tzlichen Stauraum, sondern auch eine praktische Trolleyhalterung f\u00fcr noch mehr Komfort unterwegs. Der gepolsterte Boden sch\u00fctzt deine Ausr\u00fcstung, egal wohin es geht.<\/p>\n<p>Trage die Tasche nach deinen Vorstellungen \u2013 der abnehmbare, l\u00e4ngenverstellbare Umh\u00e4ngegurt mit gen\u00e4htem Schulterpolster und die zwei gepolsterten Tragegriffe bieten verschiedene Tragem\u00f6glichkeiten f\u00fcr deinen individuellen Stil.<\/p>\n<p>Mit unserer Sport- und Reisetasche gehst du nicht nur auf Entdeckungstour, sondern setzt auch ein Statement f\u00fcr Nachhaltigkeit. Die Tasche entspricht den REACH-Richtlinien und steht f\u00fcr faire Arbeitsbedingungen.<\/p>\n<p>Bereite dich vor auf ein Abenteuer voller Style und Funktionalit\u00e4t. Hol dir jetzt deine Sport- und Reisetasche und sei bereit, Gro\u00dfes zu erleben! \ud83c\udf0d\ud83d\udc5c\u2708\ufe0f<\/p>","protected":false},"excerpt":{"rendered":"<p>Bereit f\u00fcr das ultimative Abenteuer? Unsere Sport- und Reisetasche definiert Funktionalit\u00e4t neu und bringt dabei Style und Komfort auf ein neues Level.<\/p>","protected":false},"featured_media":3867,"comment_status":"open","ping_status":"closed","template":"","meta":{"_acf_changed":false},"product_cat":[177,176,60],"product_tag":[],"class_list":{"0":"post-3864","1":"product","2":"type-product","3":"status-publish","4":"has-post-thumbnail","6":"product_cat-reisetaschen","7":"product_cat-sporttaschen","8":"product_cat-taschen","10":"first","11":"instock","12":"sale","13":"taxable","14":"shipping-taxable","15":"purchasable","16":"product-type-simple","swatches":"rey-swatches","show_selected":""},"aioseo_notices":[],"acf":[],"jetpack_sharing_enabled":true,"_links":{"self":[{"href":"https:\/\/zimbany.com\/en\/wp-json\/wp\/v2\/product\/3864","targetHints":{"allow":["GET"]}}],"collection":[{"href":"https:\/\/zimbany.com\/en\/wp-json\/wp\/v2\/product"}],"about":[{"href":"https:\/\/zimbany.com\/en\/wp-json\/wp\/v2\/types\/product"}],"replies":[{"embeddable":true,"href":"https:\/\/zimbany.com\/en\/wp-json\/wp\/v2\/comments?post=3864"}],"wp:featuredmedia":[{"embeddable":true,"href":"https:\/\/zimbany.com\/en\/wp-json\/wp\/v2\/media\/3867"}],"wp:attachment":[{"href":"https:\/\/zimbany.com\/en\/wp-json\/wp\/v2\/media?parent=3864"}],"wp:term":[{"taxonomy":"product_cat","embeddable":true,"href":"https:\/\/zimbany.com\/en\/wp-json\/wp\/v2\/product_cat?post=3864"},{"taxonomy":"product_tag","embeddable":true,"href":"https:\/\/zimbany.com\/en\/wp-json\/wp\/v2\/product_tag?post=3864"}],"curies":[{"name":"wp","href":"https:\/\/api.w.org\/{rel}","templated":true}]}}