{"id":3595,"date":"2023-10-29T19:42:43","date_gmt":"2023-10-29T19:42:43","guid":{"rendered":"https:\/\/zimbany.com\/?post_type=product&#038;p=3595"},"modified":"2025-12-05T16:50:02","modified_gmt":"2025-12-05T15:50:02","slug":"maenner-ultra-heavy-cotton-box-hoody-mit-psalm-personalisiert","status":"publish","type":"product","link":"https:\/\/zimbany.com\/en\/product\/maenner-ultra-heavy-cotton-box-hoody-mit-psalm-personalisiert\/","title":{"rendered":"M\u00e4nner Ultra Heavy Cotton Box Hoody mit Psalm personalisiert"},"content":{"rendered":"<p>Mit einer Grammatur von 460 g\/m\u00b2 ist dieser Hoodie extra schwer und bietet ein luxuri\u00f6ses Tragegef\u00fchl. Die 100% Baumwolle sorgt f\u00fcr weichen und hautfreundlichen Komfort, und die Langarm-\u00c4rmel mit B\u00fcndchen halten dich warm.<\/p>\n<p>Die Kapuze des Hoodies verleiht dir einen l\u00e4ssigen Look und sch\u00fctzt vor Wind und Wetter. Lasse diesen Ultimativen Hoodie mit einem Psalm deiner Wahl veredeln. Dieses Hoody-Design zeigt ein halbes Kreuz auf der rechten Seite, mit dem Wunschpsalm-Text, w\u00e4hrend die Psalm-Nummer im Inneren des Kreuzes steht. Dieses Design ist ein Ausdruck deines Glaubens und deiner Pers\u00f6nlichkeit.<\/p>\n<p>Der Urban Fit dieses Hoodies f\u00e4llt sogar gro\u00dfz\u00fcgiger aus als ein Oversize Fit, was ihn zu einem coolen und zeitgem\u00e4\u00dfen Stil macht. Die K\u00e4nguru-Tasche auf der Vorderseite bietet nicht nur zus\u00e4tzlichen Stauraum, sondern verleiht dem Hoodie auch eine entspannte Note.<\/p>\n<p>Die breiten Rippenb\u00fcndchen an den \u00c4rmeln und am Saum sorgen f\u00fcr die perfekte Passform und verleihen dem Hoody eine sportliche Optik.<\/p>\n<p>Das Beste daran? Dieser personalisierte Ultra Heavy Cotton Box Hoody kann wahlweise vorne oder hinten bedruckt werden, damit du deine Botschaft genau so pr\u00e4sentieren kannst, wie du es m\u00f6chtest.<\/p>\n<p>Dieser Hoody ist nicht nur ein Kleidungsst\u00fcck, sondern ein Ausdruck deiner Pers\u00f6nlichkeit. Zeige der Welt, wer du bist, und trage deine Botschaft mit Stil.<\/p>\n<p>Mache dich bereit, in deinem neuen Hoodie aufzufallen und gleichzeitig ultimativen Komfort zu erleben. Worauf wartest du noch? Personalisiere deinen Hoody und pr\u00e4sentiere Gottes Worte mit Stil!<\/p>","protected":false},"excerpt":{"rendered":"<p>Hol dir den ultimativen Ultra Heavy Cotton Box Hoody f\u00fcr M\u00e4nner aus unserer exklusiven &#8222;Faithful Fashion Statements&#8220; Kollektion \u2013 eine Kombination aus Gem\u00fctlichkeit und g\u00f6ttlichem Stil, die durch deine pers\u00f6nliche Note noch einzigartiger wird.<\/p>","protected":false},"featured_media":3556,"comment_status":"open","ping_status":"closed","template":"","meta":{"_acf_changed":false},"product_cat":[183,151,37,147],"product_tag":[],"class_list":{"0":"post-3595","1":"product","2":"type-product","3":"status-publish","4":"has-post-thumbnail","6":"product_cat-faithful-fashion-statements","7":"product_cat-geschenkideen","8":"product_cat-men","9":"product_cat-sweatshirts-hoodies-men","10":"pa_brand-zimbany","12":"first","13":"instock","14":"sale","15":"taxable","16":"shipping-taxable","17":"purchasable","18":"product-type-variable","swatches":"rey-swatches","show_selected":""},"aioseo_notices":[],"acf":[],"jetpack_sharing_enabled":true,"_links":{"self":[{"href":"https:\/\/zimbany.com\/en\/wp-json\/wp\/v2\/product\/3595","targetHints":{"allow":["GET"]}}],"collection":[{"href":"https:\/\/zimbany.com\/en\/wp-json\/wp\/v2\/product"}],"about":[{"href":"https:\/\/zimbany.com\/en\/wp-json\/wp\/v2\/types\/product"}],"replies":[{"embeddable":true,"href":"https:\/\/zimbany.com\/en\/wp-json\/wp\/v2\/comments?post=3595"}],"wp:featuredmedia":[{"embeddable":true,"href":"https:\/\/zimbany.com\/en\/wp-json\/wp\/v2\/media\/3556"}],"wp:attachment":[{"href":"https:\/\/zimbany.com\/en\/wp-json\/wp\/v2\/media?parent=3595"}],"wp:term":[{"taxonomy":"product_cat","embeddable":true,"href":"https:\/\/zimbany.com\/en\/wp-json\/wp\/v2\/product_cat?post=3595"},{"taxonomy":"product_tag","embeddable":true,"href":"https:\/\/zimbany.com\/en\/wp-json\/wp\/v2\/product_tag?post=3595"}],"curies":[{"name":"wp","href":"https:\/\/api.w.org\/{rel}","templated":true}]}}