{"id":3542,"date":"2023-10-13T12:37:13","date_gmt":"2023-10-13T12:37:13","guid":{"rendered":"https:\/\/zimbany.com\/?post_type=product&#038;p=3542"},"modified":"2024-02-17T17:28:32","modified_gmt":"2024-02-17T17:28:32","slug":"ladies-organic-oversized-hoody-mit-koordinaten-personalisiert","status":"publish","type":"product","link":"https:\/\/zimbany.com\/en\/product\/ladies-organic-oversized-hoody-mit-koordinaten-personalisiert\/","title":{"rendered":"Ladies\u00b4 Organic Oversized Hoody mit Koordinaten personalisiert"},"content":{"rendered":"<p>Hol dir den ultimativen pers\u00f6nlichen Style mit unserem personalisierbaren Hoodie! Dieser Hoodie ist nicht nur bequem, sondern auch eine einzigartige M\u00f6glichkeit, deine Lieblingsorte und eine besondere Botschaft zu zeigen.<\/p>\n<p>Hergestellt aus weicher Bio-Baumwolle und innen geb\u00fcrstet, bietet dieser Hoodie den optimalen Tragekomfort. Sein Oversized Fit, \u00fcberschnittene Schultern und extra weite \u00c4rmel verleihen ihm einen trendigen und l\u00e4ssigen Look.<\/p>\n<p>Das Highlight dieses Hoodies sind die gestickten individuellen Koordinaten und der Wunschtext, die du hinzuf\u00fcgen kannst. Wir setzen das Gradzeichen mit funkelnden Strasssteinen gekonnt in Szene, um deinen pers\u00f6nlichen Ort oder deine Botschaft hervorzuheben.<\/p>\n<p>Die breiten, gerippten B\u00fcndchen und der Saum sorgen f\u00fcr eine perfekte Passform und zus\u00e4tzlichen Komfort. Die flauschige Kapuze h\u00e4lt dich warm und verleiht dem Hoodie eine sportliche Note.<\/p>\n<p>Dieser personalisierbare Hoodie ist das ideale Geschenk f\u00fcr einen besonderen Menschen in deinem Leben. Zeige deine Wertsch\u00e4tzung und Pers\u00f6nlichkeit, indem du diesen einzigartigen Hoodie tr\u00e4gst, der nur f\u00fcr dich gemacht ist.<\/p>\n<p>Mache Mode zu einer pers\u00f6nlichen Aussage und trage deine Geschichte mit Stolz. Dieser Hoodie ist nicht nur ein Kleidungsst\u00fcck, sondern ein Teil deiner Identit\u00e4t. Hol ihn dir noch heute und sei bereit, deine Geschichte zu erz\u00e4hlen!<\/p>\n<p><em>Wir m\u00f6chten darauf hinweisen, dass die dargestellten Farben auf den Produktfotos leicht von den tats\u00e4chlichen Farben abweichen k\u00f6nnen. Die Wiedergabe von Farben kann je nach Bildschirmeinstellungen und Lichtverh\u00e4ltnissen variieren. Wir geben unser Bestes, die Farben so genau wie m\u00f6glich darzustellen, k\u00f6nnen jedoch nicht garantieren, dass Ihr Bildschirm die Farben exakt wiedergibt.<\/em><\/p>","protected":false},"excerpt":{"rendered":"<p>Hol dir den ultimativen pers\u00f6nlichen Style mit unserem personalisierbaren Hoodie! Dieser Hoodie ist nicht nur bequem, sondern auch eine einzigartige M\u00f6glichkeit, deine Lieblingsorte und eine besondere Botschaft zu zeigen.<\/p>","protected":false},"featured_media":3547,"comment_status":"open","ping_status":"closed","template":"","meta":{"_acf_changed":false},"product_cat":[53,64,91],"product_tag":[],"class_list":{"0":"post-3542","1":"product","2":"type-product","3":"status-publish","4":"has-post-thumbnail","6":"product_cat-frauen","7":"product_cat-kleidung","8":"product_cat-sweatshirts-hoodies","9":"pa_brand-strass-kollektion","11":"first","12":"instock","13":"taxable","14":"shipping-taxable","15":"purchasable","16":"product-type-variable","swatches":"rey-swatches","show_selected":""},"aioseo_notices":[],"acf":[],"jetpack_sharing_enabled":true,"_links":{"self":[{"href":"https:\/\/zimbany.com\/en\/wp-json\/wp\/v2\/product\/3542","targetHints":{"allow":["GET"]}}],"collection":[{"href":"https:\/\/zimbany.com\/en\/wp-json\/wp\/v2\/product"}],"about":[{"href":"https:\/\/zimbany.com\/en\/wp-json\/wp\/v2\/types\/product"}],"replies":[{"embeddable":true,"href":"https:\/\/zimbany.com\/en\/wp-json\/wp\/v2\/comments?post=3542"}],"wp:featuredmedia":[{"embeddable":true,"href":"https:\/\/zimbany.com\/en\/wp-json\/wp\/v2\/media\/3547"}],"wp:attachment":[{"href":"https:\/\/zimbany.com\/en\/wp-json\/wp\/v2\/media?parent=3542"}],"wp:term":[{"taxonomy":"product_cat","embeddable":true,"href":"https:\/\/zimbany.com\/en\/wp-json\/wp\/v2\/product_cat?post=3542"},{"taxonomy":"product_tag","embeddable":true,"href":"https:\/\/zimbany.com\/en\/wp-json\/wp\/v2\/product_tag?post=3542"}],"curies":[{"name":"wp","href":"https:\/\/api.w.org\/{rel}","templated":true}]}}