{"id":2826,"date":"2023-05-01T18:10:03","date_gmt":"2023-05-01T18:10:03","guid":{"rendered":"https:\/\/zimbany.com\/?post_type=product&#038;p=2826"},"modified":"2024-02-17T17:27:27","modified_gmt":"2024-02-17T17:27:27","slug":"ladies-oversized-hoody-personalisiert-mit-koordinaten","status":"publish","type":"product","link":"https:\/\/zimbany.com\/en\/product\/ladies-oversized-hoody-personalisiert-mit-koordinaten\/","title":{"rendered":"Ladies\u00b4 Oversized Hoody personalisiert mit Koordinaten"},"content":{"rendered":"<p>Wir pr\u00e4sentieren unseren personalisierten Damen Hoodie in schwarz, das perfekte Kleidungsst\u00fcck f\u00fcr alle, die ein einzigartiges und individuelles Kleidungsst\u00fcck suchen. Dieser Hoodie besteht aus 100% Baumwolle und hat eine Grammatur von 240 g\/m\u00b2.<\/p>\n<p>Was diesen Hoodie jedoch wirklich auszeichnet, ist die Personalisierungsm\u00f6glichkeit. Du hast die M\u00f6glichkeit, von uns deine Koordinaten auf den Hoodie besticken zu lassen. Die Punkte innerhalb der Koordinaten werden mit je einem Strassstein veredelt, siehe Produktvideo als Beispiel.<\/p>\n<p>Neben den Koordinaten kannst Du auch den Ort als Text hinzuf\u00fcgen, was den Hoodie noch individueller macht. Es kann auch ein Zitat oder einfach nur ein Name sein, der Kreativit\u00e4t sind keine Grenzen gesetzt. Unser Team wird daf\u00fcr sorgen, dass der Text in einer klaren und gut lesbaren Schriftart auf dem Hoodie bestickt wird.<\/p>\n<p>Also, worauf wartest Du noch? Personalisiere noch heute Deinen Hoodie und trage ein Kleidungsst\u00fcck, das stilvoll und einzigartig ist!<\/p>\n<p><em>Wir m\u00f6chten darauf hinweisen, dass die dargestellten Farben auf den Produktfotos leicht von den tats\u00e4chlichen Farben abweichen k\u00f6nnen. Die Wiedergabe von Farben kann je nach Bildschirmeinstellungen und Lichtverh\u00e4ltnissen variieren. Wir geben unser Bestes, die Farben so genau wie m\u00f6glich darzustellen, k\u00f6nnen jedoch nicht garantieren, dass Ihr Bildschirm die Farben exakt wiedergibt.<\/em><\/p>","protected":false},"excerpt":{"rendered":"<p>Wir pr\u00e4sentieren unseren personalisierten Damen Hoodie in schwarz, das perfekte Kleidungsst\u00fcck f\u00fcr alle, die ein einzigartiges und individuelles Kleidungsst\u00fcck suchen. Dieser Hoodie besteht aus 100% Baumwolle und hat eine Grammatur von 240 g\/m\u00b2. Was diesen Hoodie jedoch wirklich auszeichnet, ist die Personalisierungsm\u00f6glichkeit. Du hast die M\u00f6glichkeit, von uns deine Koordinaten auf den Hoodie besticken zu [&hellip;]<\/p>\n","protected":false},"featured_media":2828,"comment_status":"open","ping_status":"closed","template":"","meta":{"_acf_changed":false},"product_cat":[53,64,91],"product_tag":[],"class_list":{"0":"post-2826","1":"product","2":"type-product","3":"status-publish","4":"has-post-thumbnail","6":"product_cat-frauen","7":"product_cat-kleidung","8":"product_cat-sweatshirts-hoodies","9":"pa_brand-strass-kollektion","11":"first","12":"instock","13":"taxable","14":"shipping-taxable","15":"purchasable","16":"product-type-variable","swatches":"rey-swatches","show_selected":""},"aioseo_notices":[],"acf":[],"jetpack_sharing_enabled":true,"_links":{"self":[{"href":"https:\/\/zimbany.com\/en\/wp-json\/wp\/v2\/product\/2826","targetHints":{"allow":["GET"]}}],"collection":[{"href":"https:\/\/zimbany.com\/en\/wp-json\/wp\/v2\/product"}],"about":[{"href":"https:\/\/zimbany.com\/en\/wp-json\/wp\/v2\/types\/product"}],"replies":[{"embeddable":true,"href":"https:\/\/zimbany.com\/en\/wp-json\/wp\/v2\/comments?post=2826"}],"wp:featuredmedia":[{"embeddable":true,"href":"https:\/\/zimbany.com\/en\/wp-json\/wp\/v2\/media\/2828"}],"wp:attachment":[{"href":"https:\/\/zimbany.com\/en\/wp-json\/wp\/v2\/media?parent=2826"}],"wp:term":[{"taxonomy":"product_cat","embeddable":true,"href":"https:\/\/zimbany.com\/en\/wp-json\/wp\/v2\/product_cat?post=2826"},{"taxonomy":"product_tag","embeddable":true,"href":"https:\/\/zimbany.com\/en\/wp-json\/wp\/v2\/product_tag?post=2826"}],"curies":[{"name":"wp","href":"https:\/\/api.w.org\/{rel}","templated":true}]}}