{"id":2805,"date":"2023-04-29T18:22:18","date_gmt":"2023-04-29T18:22:18","guid":{"rendered":"https:\/\/zimbany.com\/?post_type=product&#038;p=2805"},"modified":"2025-06-09T19:18:36","modified_gmt":"2025-06-09T17:18:36","slug":"ladies-belice-t-shirt-return-schwarz-leuchteffekt-und-strass","status":"publish","type":"product","link":"https:\/\/zimbany.com\/en\/product\/ladies-belice-t-shirt-return-schwarz-leuchteffekt-und-strass\/","title":{"rendered":"Ladies Belice T-Shirt &#8222;Return&#8220; schwarz &#8211; Leuchteffekt und Strass"},"content":{"rendered":"<p>Wir freuen uns, Dir unser Damen T-Shirt vorzustellen, welches aus 94% gek\u00e4mmter Baumwolle und 6% Elasthan gefertigt ist. Das Material hat eine Grammatur von 200-219 g\/m\u00b2 und bietet somit eine strapazierf\u00e4hige Stoffqualit\u00e4t und Langlebigkeit.<\/p>\n<p>Das T-Shirt ist mit dem Design &#8222;Return&#8220; auf der Vorderseite verziert und mit einer Leucht-Effektfolie, welche im Dunkeln leuchtet, sowie funkelnden Strasssteinen im Boomerang veredelt. Dieses ansprechende Design macht das T-Shirt zu einem echten Hingucker und zieht alle Blicke auf sich. Der hochwertige Druck garantiert beste Ergebnisse und eine lange Haltbarkeit.<\/p>\n<p>Das T-Shirt ist aus Single-Jersey gefertigt und tailliert sowie figurbetont geschnitten. Der Rundhalsausschnitt mit Einschnitt sowie die kurzen, eingefassten \u00c4rmel und die Seitenn\u00e4hte verleihen dem T-Shirt eine modische Note. Das weiche Material mit angenehmem Griff sorgt f\u00fcr einen angenehmen Tragekomfort und schmiegt sich perfekt an den K\u00f6rper an.<\/p>\n<p>Ob in der Freizeit oder im Beruf, dieses T-Shirt ist vielseitig einsetzbar und sorgt immer f\u00fcr einen modischen Auftritt.<\/p>\n<p>Bestelle noch heute das &#8222;Return&#8220;-Shirt mit funkelnden Strasssteinen und Leucht-Effektfolie und profitiere von der Top-Qualit\u00e4t.<\/p>","protected":false},"excerpt":{"rendered":"<p>Wir freuen uns, Dir unser Damen T-Shirt vorzustellen, welches aus 94% gek\u00e4mmter Baumwolle und 6% Elasthan gefertigt ist. Das Material hat eine Grammatur von 200-219 g\/m\u00b2 und bietet somit eine strapazierf\u00e4hige Stoffqualit\u00e4t und Langlebigkeit. Das T-Shirt ist mit dem Design &#8222;Return&#8220; auf der Vorderseite verziert und mit einer Leucht-Effektfolie, welche im Dunkeln leuchtet, sowie funkelnden [&hellip;]<\/p>\n","protected":false},"featured_media":2811,"comment_status":"open","ping_status":"closed","template":"","meta":{"_acf_changed":false},"product_cat":[53,64,135],"product_tag":[],"class_list":{"0":"post-2805","1":"product","2":"type-product","3":"status-publish","4":"has-post-thumbnail","6":"product_cat-frauen","7":"product_cat-kleidung","8":"product_cat-t-shirts","9":"pa_brand-strass-kollektion","11":"first","12":"instock","13":"taxable","14":"shipping-taxable","15":"purchasable","16":"product-type-variable","swatches":"rey-swatches","show_selected":""},"aioseo_notices":[],"acf":[],"jetpack_sharing_enabled":true,"_links":{"self":[{"href":"https:\/\/zimbany.com\/en\/wp-json\/wp\/v2\/product\/2805","targetHints":{"allow":["GET"]}}],"collection":[{"href":"https:\/\/zimbany.com\/en\/wp-json\/wp\/v2\/product"}],"about":[{"href":"https:\/\/zimbany.com\/en\/wp-json\/wp\/v2\/types\/product"}],"replies":[{"embeddable":true,"href":"https:\/\/zimbany.com\/en\/wp-json\/wp\/v2\/comments?post=2805"}],"wp:featuredmedia":[{"embeddable":true,"href":"https:\/\/zimbany.com\/en\/wp-json\/wp\/v2\/media\/2811"}],"wp:attachment":[{"href":"https:\/\/zimbany.com\/en\/wp-json\/wp\/v2\/media?parent=2805"}],"wp:term":[{"taxonomy":"product_cat","embeddable":true,"href":"https:\/\/zimbany.com\/en\/wp-json\/wp\/v2\/product_cat?post=2805"},{"taxonomy":"product_tag","embeddable":true,"href":"https:\/\/zimbany.com\/en\/wp-json\/wp\/v2\/product_tag?post=2805"}],"curies":[{"name":"wp","href":"https:\/\/api.w.org\/{rel}","templated":true}]}}