{"id":2701,"date":"2023-04-29T17:05:28","date_gmt":"2023-04-29T17:05:28","guid":{"rendered":"https:\/\/zimbany.com\/?post_type=product&#038;p=2701"},"modified":"2025-06-06T16:41:09","modified_gmt":"2025-06-06T14:41:09","slug":"womens-classic-t-follow-your-heart-weiss-mit-strass","status":"publish","type":"product","link":"https:\/\/zimbany.com\/en\/product\/womens-classic-t-follow-your-heart-weiss-mit-strass\/","title":{"rendered":"Women&#8217;s Classic-T &#8222;Follow your heart&#8220; &#8211; wei\u00df mit Strass"},"content":{"rendered":"<p>Wir pr\u00e4sentieren stolz unser Damen T-Shirt mit dem inspirierenden Schriftzug &#8222;Follow your heart&#8220; auf der Vorderseite. Dieses Shirt wird garantiert zu einem wahren Blickfang, denn der Schriftzug wird durch funkelnde blaue Strasssteine, sowie einer 3D Druckfolie veredelt. Der hochwertige Druck garantiert beste Ergebnisse und eine lange Haltbarkeit.<\/p>\n<p>Doch nicht nur die Optik \u00fcberzeugt: Das T-Shirt besteht aus 100% zertifizierter Biobaumwolle und ist fair und nachhaltig produziert. Das Material hat eine strapazierf\u00e4hige Qualit\u00e4t von 131-149 g\/m\u00b2 und bietet somit h\u00f6chsten Tragekomfort.<\/p>\n<p>Das T-Shirt ist in verschiedenen Gr\u00f6\u00dfen erh\u00e4ltlich und eignet sich perfekt f\u00fcr alle Damen, die nicht nur Wert auf ein tolles Aussehen, sondern auch auf Nachhaltigkeit legen. Es ist vielseitig einsetzbar und kann sowohl in der Freizeit als auch im Beruf getragen werden. \u00dcberzeuge Dich selbst von der hervorragenden Qualit\u00e4t und bestelle noch heute Dein &#8222;Follow Your Heart&#8220; T-Shirt.<\/p>","protected":false},"excerpt":{"rendered":"<p>Wir pr\u00e4sentieren stolz unser Damen T-Shirt mit dem inspirierenden Schriftzug &#8222;Follow your heart&#8220; auf der Vorderseite. Dieses Shirt wird garantiert zu einem wahren Blickfang, denn der Schriftzug wird durch funkelnde blaue Strasssteine, sowie einer 3D Druckfolie veredelt. Der hochwertige Druck garantiert beste Ergebnisse und eine lange Haltbarkeit. Doch nicht nur die Optik \u00fcberzeugt: Das T-Shirt [&hellip;]<\/p>\n","protected":false},"featured_media":2703,"comment_status":"open","ping_status":"closed","template":"","meta":{"_acf_changed":false},"product_cat":[53,64,135],"product_tag":[],"class_list":{"0":"post-2701","1":"product","2":"type-product","3":"status-publish","4":"has-post-thumbnail","6":"product_cat-frauen","7":"product_cat-kleidung","8":"product_cat-t-shirts","9":"pa_brand-strass-kollektion","11":"first","12":"instock","13":"taxable","14":"shipping-taxable","15":"purchasable","16":"product-type-variable","swatches":"rey-swatches","show_selected":""},"aioseo_notices":[],"acf":[],"jetpack_sharing_enabled":true,"_links":{"self":[{"href":"https:\/\/zimbany.com\/en\/wp-json\/wp\/v2\/product\/2701","targetHints":{"allow":["GET"]}}],"collection":[{"href":"https:\/\/zimbany.com\/en\/wp-json\/wp\/v2\/product"}],"about":[{"href":"https:\/\/zimbany.com\/en\/wp-json\/wp\/v2\/types\/product"}],"replies":[{"embeddable":true,"href":"https:\/\/zimbany.com\/en\/wp-json\/wp\/v2\/comments?post=2701"}],"wp:featuredmedia":[{"embeddable":true,"href":"https:\/\/zimbany.com\/en\/wp-json\/wp\/v2\/media\/2703"}],"wp:attachment":[{"href":"https:\/\/zimbany.com\/en\/wp-json\/wp\/v2\/media?parent=2701"}],"wp:term":[{"taxonomy":"product_cat","embeddable":true,"href":"https:\/\/zimbany.com\/en\/wp-json\/wp\/v2\/product_cat?post=2701"},{"taxonomy":"product_tag","embeddable":true,"href":"https:\/\/zimbany.com\/en\/wp-json\/wp\/v2\/product_tag?post=2701"}],"curies":[{"name":"wp","href":"https:\/\/api.w.org\/{rel}","templated":true}]}}