{"id":2651,"date":"2023-04-29T16:26:49","date_gmt":"2023-04-29T16:26:49","guid":{"rendered":"https:\/\/zimbany.com\/?post_type=product&#038;p=2651"},"modified":"2025-06-09T19:18:36","modified_gmt":"2025-06-09T17:18:36","slug":"herren-sonnenbrille-mit-federschranier","status":"publish","type":"product","link":"https:\/\/zimbany.com\/en\/product\/herren-sonnenbrille-mit-federschranier\/","title":{"rendered":"Herren Sonnenbrille mit Federschranier"},"content":{"rendered":"<p>Tauche ein in den Sommer mit dieser stylischen Sonnenbrille! Diese Sonnenbrille ist in 2 Farben erh\u00e4ltlich und hat ein elegantes anthrazitfarbenes Gestell und B\u00fcgel. Die grauen Gl\u00e4ser bieten nicht nur einen hervorragenden Schutz vor UV-Strahlen, sondern verleihen auch jedem Outfit einen coolen Touch. Dank des Federscharniers sitzen die Sonnenbrillen sicher und bequem auf deiner Nase, w\u00e4hrend du die warme Sonne genie\u00dft. Hol dir jetzt dieses Must-have-Accessoire und sei der Hingucker am Strand, im Park oder auf der Stra\u00dfe!<\/p>\n<p>Sonnenbrille mit Federscharnier<br \/>\nGestell und B\u00fcgel: anthrazitfarben<br \/>\nGl\u00e4ser: G-15, dunkelgr\u00fcn<\/p>","protected":false},"excerpt":{"rendered":"<p>Tauche ein in den Sommer mit dieser stylischen Sonnenbrille! Diese Sonnenbrille ist in 2 Farben erh\u00e4ltlich und hat ein elegantes anthrazitfarbenes Gestell und B\u00fcgel. Die grauen Gl\u00e4ser bieten nicht nur einen hervorragenden Schutz vor UV-Strahlen, sondern verleihen auch jedem Outfit einen coolen Touch. Dank des Federscharniers sitzen die Sonnenbrillen sicher und bequem auf deiner Nase, [&hellip;]<\/p>\n","protected":false},"featured_media":2658,"comment_status":"open","ping_status":"closed","template":"","meta":{"_acf_changed":false},"product_cat":[59,37,90],"product_tag":[],"class_list":{"0":"post-2651","1":"product","2":"type-product","3":"status-publish","4":"has-post-thumbnail","6":"product_cat-accessories","7":"product_cat-men","8":"product_cat-sonnenbrillen","10":"first","11":"instock","12":"taxable","13":"shipping-taxable","14":"purchasable","15":"product-type-variable","swatches":"rey-swatches","show_selected":""},"aioseo_notices":[],"acf":[],"jetpack_sharing_enabled":true,"_links":{"self":[{"href":"https:\/\/zimbany.com\/en\/wp-json\/wp\/v2\/product\/2651","targetHints":{"allow":["GET"]}}],"collection":[{"href":"https:\/\/zimbany.com\/en\/wp-json\/wp\/v2\/product"}],"about":[{"href":"https:\/\/zimbany.com\/en\/wp-json\/wp\/v2\/types\/product"}],"replies":[{"embeddable":true,"href":"https:\/\/zimbany.com\/en\/wp-json\/wp\/v2\/comments?post=2651"}],"wp:featuredmedia":[{"embeddable":true,"href":"https:\/\/zimbany.com\/en\/wp-json\/wp\/v2\/media\/2658"}],"wp:attachment":[{"href":"https:\/\/zimbany.com\/en\/wp-json\/wp\/v2\/media?parent=2651"}],"wp:term":[{"taxonomy":"product_cat","embeddable":true,"href":"https:\/\/zimbany.com\/en\/wp-json\/wp\/v2\/product_cat?post=2651"},{"taxonomy":"product_tag","embeddable":true,"href":"https:\/\/zimbany.com\/en\/wp-json\/wp\/v2\/product_tag?post=2651"}],"curies":[{"name":"wp","href":"https:\/\/api.w.org\/{rel}","templated":true}]}}