{"id":2591,"date":"2023-04-27T19:45:05","date_gmt":"2023-04-27T19:45:05","guid":{"rendered":"https:\/\/zimbany.com\/?post_type=product&#038;p=2591"},"modified":"2023-04-27T19:56:24","modified_gmt":"2023-04-27T19:56:24","slug":"damen-sonnenbrille","status":"publish","type":"product","link":"https:\/\/zimbany.com\/en\/product\/damen-sonnenbrille\/","title":{"rendered":"Damen Sonnenbrille"},"content":{"rendered":"<p>Herzlichen Gl\u00fcckwunsch zu deiner neuen trendigen Sonnenbrille f\u00fcr Damen, die in 5 verschiedenen Farben erh\u00e4ltlich ist! Diese Sonnenbrille wird der perfekte Begleiter f\u00fcr sonnige Tage sein, sei es am Strand, beim Spaziergang im Park oder beim Einkaufen in der Stadt.<\/p>\n<p>Das Gestell und die B\u00fcgel der Sonnenbrille sind aus hochwertigem Polycarbonat gefertigt und mit einer goldenen Umrandung versehen, die der Brille einen eleganten Look verleiht. Die Gl\u00e4ser bestehen ebenfalls aus Polycarbonat und sind mit der UV400-Technologie ausgestattet, die die Augen vor sch\u00e4dlichen UV-Strahlen sch\u00fctzt.<\/p>\n<p>Die Sonnenbrille ist in 5 verschiedenen Farben erh\u00e4ltlich, so dass du die perfekte Farbe passend zu deinem Outfit ausw\u00e4hlen kannst. Die Sonnenbrille hat eine universelle Gr\u00f6\u00dfe und ist daher f\u00fcr jede Gesichtsform geeignet.<\/p>\n<p>Mit dieser trendigen Sonnenbrille wirst du garantiert auffallen und ein modisches Statement setzen. Bestelle sie noch heute und genie\u00dfe den Sonnenschein in vollem Umfang!<\/p>","protected":false},"excerpt":{"rendered":"<p>Herzlichen Gl\u00fcckwunsch zu deiner neuen trendigen Sonnenbrille f\u00fcr Damen, die in 5 verschiedenen Farben erh\u00e4ltlich ist! Diese Sonnenbrille wird der perfekte Begleiter f\u00fcr sonnige Tage sein, sei es am Strand, beim Spaziergang im Park oder beim Einkaufen in der Stadt. Das Gestell und die B\u00fcgel der Sonnenbrille sind aus hochwertigem Polycarbonat gefertigt und mit einer [&hellip;]<\/p>\n","protected":false},"featured_media":2598,"comment_status":"open","ping_status":"closed","template":"","meta":{"_acf_changed":false},"product_cat":[59,53,90],"product_tag":[],"class_list":{"0":"post-2591","1":"product","2":"type-product","3":"status-publish","4":"has-post-thumbnail","6":"product_cat-accessories","7":"product_cat-frauen","8":"product_cat-sonnenbrillen","10":"first","11":"instock","12":"taxable","13":"shipping-taxable","14":"purchasable","15":"product-type-variable","swatches":"rey-swatches","show_selected":""},"aioseo_notices":[],"acf":[],"jetpack_sharing_enabled":true,"_links":{"self":[{"href":"https:\/\/zimbany.com\/en\/wp-json\/wp\/v2\/product\/2591","targetHints":{"allow":["GET"]}}],"collection":[{"href":"https:\/\/zimbany.com\/en\/wp-json\/wp\/v2\/product"}],"about":[{"href":"https:\/\/zimbany.com\/en\/wp-json\/wp\/v2\/types\/product"}],"replies":[{"embeddable":true,"href":"https:\/\/zimbany.com\/en\/wp-json\/wp\/v2\/comments?post=2591"}],"wp:featuredmedia":[{"embeddable":true,"href":"https:\/\/zimbany.com\/en\/wp-json\/wp\/v2\/media\/2598"}],"wp:attachment":[{"href":"https:\/\/zimbany.com\/en\/wp-json\/wp\/v2\/media?parent=2591"}],"wp:term":[{"taxonomy":"product_cat","embeddable":true,"href":"https:\/\/zimbany.com\/en\/wp-json\/wp\/v2\/product_cat?post=2591"},{"taxonomy":"product_tag","embeddable":true,"href":"https:\/\/zimbany.com\/en\/wp-json\/wp\/v2\/product_tag?post=2591"}],"curies":[{"name":"wp","href":"https:\/\/api.w.org\/{rel}","templated":true}]}}