{"id":2627,"date":"2023-04-29T16:09:29","date_gmt":"2023-04-29T16:09:29","guid":{"rendered":"https:\/\/zimbany.com\/?page_id=2627"},"modified":"2025-08-11T16:19:05","modified_gmt":"2025-08-11T14:19:05","slug":"impressum","status":"publish","type":"page","link":"https:\/\/zimbany.com\/en\/impressum\/","title":{"rendered":"Impressum"},"content":{"rendered":"<p><strong>Zimbany<\/strong><\/p>\n\n\n\n<p>Chenesai Mafara<\/p>\n\n\n\n<p>Matthiasstra\u00dfe 43<br>50354 H\u00fcrth<br>Deutschland<\/p>\n\n\n\n<p>Telefon: 01782945719<\/p>\n\n\n\n<p>Mail: zimbany.fashion@gmail.com<\/p>\n\n\n\n<p>Umsatzsteuer-Identifikationsnummer(n): DE317696488<\/p>\n\n\n\n<p>Die Europ\u00e4ische Kommission stellt eine Plattform zur Online-Streitbeilegung (OS) bereit, die Sie hier finden&nbsp;<a href=\"https:\/\/ec.europa.eu\/consumers\/odr\/\" target=\"_blank\" rel=\"noreferrer noopener\">https:\/\/ec.europa.eu\/consumers\/odr\/<\/a>.<\/p>\n\n\n\n<p><strong>Wichtiger Hinweis:<\/strong>&nbsp;Die Plattform zur Online-Streitbeilegung (OS) wird zum 20.7.2025 endg\u00fcltig eingestellt. Die Einreichung von Beschwerden auf der OS-Plattform wird daher bereits am 20.3.2025 eingestellt. Zur Teilnahme an einem Streitbeilegungsverfahren vor einer Verbraucherschlichtungsstelle sind wir nicht verpflichtet und nicht bereit.<\/p>\n\n\n\n<p><\/p>\n\n\n\n<h2 class=\"wp-block-heading\"><strong>Keine Abmahnung ohne vorherigen Kontakt!<\/strong><\/h2>\n\n\n\n<p>Wir haben uns sehr bem\u00fcht, diese Homepage nach allen gesetzlichen Vorschriften zu erstellen. Sollte dennoch jemandem auffallen, dass hier irgendetwas wichtiges fehlt, fremde Rechte Dritter verletzt werden, gesetzliche Bestimmungen nicht vollst\u00e4ndig umgesetzt wurden, oder wettbewerbsrechtliche Probleme entstehen k\u00f6nnten, so bitte ich unter Berufung auf \u00a7 12 Abs. 1 UWG um eine schnelle, kostenfreie und ausreichend erl\u00e4uternde Nachricht.<\/p>\n\n\n\n<p>Wir garantieren, dass die zu Recht beanstandeten Passagen oder Teile dieser Webseiten in angemessener Frist entfernt, bzw. den rechtlichen Vorgaben umgehend angepasst werden, ohne dass von Ihrer Seite die Einschaltung eines Rechtsanwaltes erforderlich ist. Die Einschaltung eines Anwaltes zur kostenpflichtigen Abmahnung des Homepagebetreibers entspricht nicht dessen wirklichen oder mutma\u00dflichen Willen, und w\u00fcrde somit einen Versto\u00df gegen \u00a7 8 Abs. 4 UWG wegen der Verfolgung sachfremder Ziele als beherrschendes Motiv der Verfahrenseinleitung, insbesondere einer Kostenerzielungsabsicht als eigentliche Triebfeder, sowie einen Versto\u00df gegen die Schadensminderungspflicht darstellen.<\/p>\n\n<div class=\"woocommerce woocommerce-gzd woocommerce-gzd-complaints-shortcode\">\n\t\t\t<h3>Alternative Dispute Resolution in accordance with Art. 14 (1) ODR-VO and \u00a7 36 VSBG:<\/h3>\n\t\nZur Teilnahme an einem Streitbeilegungsverfahren vor einer Verbraucherschlichtungsstelle sind wir nicht verpflichtet und nicht bereit.<\/div>","protected":false},"excerpt":{"rendered":"<p>Zimbany Chenesai Mafara Matthiasstra\u00dfe 4350354 H\u00fcrthDeutschland Telefon: 01782945719 Mail: zimbany.fashion@gmail.com Umsatzsteuer-Identifikationsnummer(n): DE317696488 Die Europ\u00e4ische Kommission stellt eine Plattform zur Online-Streitbeilegung (OS) bereit, die Sie hier finden&nbsp;https:\/\/ec.europa.eu\/consumers\/odr\/. Wichtiger Hinweis:&nbsp;Die Plattform zur Online-Streitbeilegung (OS) wird zum 20.7.2025 endg\u00fcltig eingestellt. Die Einreichung von Beschwerden auf der OS-Plattform wird daher bereits am 20.3.2025 eingestellt. Zur Teilnahme an einem Streitbeilegungsverfahren [&hellip;]<\/p>\n","protected":false},"author":1,"featured_media":0,"parent":0,"menu_order":0,"comment_status":"closed","ping_status":"closed","template":"","meta":{"_acf_changed":false,"footnotes":""},"class_list":["post-2627","page","type-page","status-publish","hentry"],"aioseo_notices":[],"acf":[],"jetpack_sharing_enabled":true,"_links":{"self":[{"href":"https:\/\/zimbany.com\/en\/wp-json\/wp\/v2\/pages\/2627","targetHints":{"allow":["GET"]}}],"collection":[{"href":"https:\/\/zimbany.com\/en\/wp-json\/wp\/v2\/pages"}],"about":[{"href":"https:\/\/zimbany.com\/en\/wp-json\/wp\/v2\/types\/page"}],"author":[{"embeddable":true,"href":"https:\/\/zimbany.com\/en\/wp-json\/wp\/v2\/users\/1"}],"replies":[{"embeddable":true,"href":"https:\/\/zimbany.com\/en\/wp-json\/wp\/v2\/comments?post=2627"}],"version-history":[{"count":4,"href":"https:\/\/zimbany.com\/en\/wp-json\/wp\/v2\/pages\/2627\/revisions"}],"predecessor-version":[{"id":4959,"href":"https:\/\/zimbany.com\/en\/wp-json\/wp\/v2\/pages\/2627\/revisions\/4959"}],"wp:attachment":[{"href":"https:\/\/zimbany.com\/en\/wp-json\/wp\/v2\/media?parent=2627"}],"curies":[{"name":"wp","href":"https:\/\/api.w.org\/{rel}","templated":true}]}}