{"id":1394,"date":"2020-11-19T15:30:38","date_gmt":"2020-11-19T15:30:38","guid":{"rendered":"https:\/\/zimbany.com\/?page_id=1394"},"modified":"2025-08-11T16:19:05","modified_gmt":"2025-08-11T14:19:05","slug":"agb","status":"publish","type":"page","link":"https:\/\/zimbany.com\/en\/agb\/","title":{"rendered":"AGB"},"content":{"rendered":"<p><strong>Allgemeine Gesch\u00e4ftsbedingungen<\/strong><\/p>\n\n\n\n<p><strong>1.&nbsp;<a href=\"#geltungsbereich\">Geltungsbereich<\/a><\/strong><br><strong>2.&nbsp;<a href=\"#vertragspartner,_vertragsschluss,_korrekturm\u00f6glichkeiten\">Vertragspartner, Vertragsschluss, Korrekturm\u00f6glichkeiten<\/a><\/strong><br><strong>3.&nbsp;<a href=\"#vertragssprache,_vertragstextspeicherung\">Vertragssprache, Vertragstextspeicherung<\/a><\/strong><br><strong>4.&nbsp;<a href=\"#vertragsgegenstand\">Vertragsgegenstand<\/a><\/strong><br><strong>5.&nbsp;<a href=\"#anforderungen_und_umgang_mit_kundeninhalten\">Anforderungen und Umgang mit Kundeninhalten<\/a><\/strong><br><strong>6.&nbsp;<a href=\"#lieferbedingungen\">Lieferbedingungen<\/a><\/strong><br><strong>7.&nbsp;<a href=\"#bezahlung\">Bezahlung<\/a><\/strong><br><strong>8.&nbsp;<a href=\"#transportsch\u00e4den\">Transportsch\u00e4den<\/a><\/strong><br><strong>9.&nbsp;<a href=\"#gew\u00e4hrleistung_und_garantien\">Gew\u00e4hrleistung und Garantien<\/a><\/strong><br><strong>10.&nbsp;<a href=\"#streitbeilegung\">Streitbeilegung<\/a><\/strong><\/p>\n\n\n\n<h2 class=\"wp-block-heading\" id=\"geltungsbereich\">1.&nbsp;Geltungsbereich<\/h2>\n\n\n\n<p>F\u00fcr alle Bestellungen \u00fcber unseren Online-Shop gelten die nachfolgenden AGB. Unser Online-Shop richtet sich ausschlie\u00dflich an Verbraucher.<\/p>\n\n\n\n<p>Verbraucher ist jede nat\u00fcrliche Person, die ein Rechtsgesch\u00e4ft zu Zwecken abschlie\u00dft, die \u00fcberwiegend weder ihrer gewerblichen noch ihrer selbst\u00e4ndigen beruflichen T\u00e4tigkeit zugerechnet werden k\u00f6nnen. Unternehmer ist eine nat\u00fcrliche oder juristische Person oder eine rechtsf\u00e4hige Personengesellschaft, die bei Abschluss eines Rechtsgesch\u00e4fts in Aus\u00fcbung ihrer gewerblichen oder selbst\u00e4ndigen beruflichen T\u00e4tigkeit handelt.<\/p>\n\n\n\n<h2 class=\"wp-block-heading\" id=\"vertragspartner,_vertragsschluss,_korrekturm\u00f6glichkeiten\">2.&nbsp;Vertragspartner, Vertragsschluss, Korrekturm\u00f6glichkeiten<\/h2>\n\n\n\n<p>Der Kaufvertrag kommt zustande mit Zimbany.<\/p>\n\n\n\n<p>Mit Einstellung der Produkte in den Online-Shop geben wir ein verbindliches Angebot zum Vertragsschluss \u00fcber diese Produkte ab. Sie k\u00f6nnen unsere Produkte zun\u00e4chst unverbindlich in den Warenkorb legen und Ihre Eingaben vor Absenden Ihrer verbindlichen Bestellung jederzeit korrigieren, indem Sie die hierf\u00fcr im Bestellablauf vorgesehenen und erl\u00e4uterten Korrekturhilfen nutzen. Der Vertrag kommt zustande, indem Sie durch Anklicken des Bestellbuttons das Angebot \u00fcber die im Warenkorb enthaltenen Produkte annehmen. Unmittelbar nach dem Absenden der Bestellung erhalten Sie noch einmal eine Best\u00e4tigung per E-Mail.<\/p>\n\n\n\n<h2 class=\"wp-block-heading\" id=\"vertragssprache,_vertragstextspeicherung\">3.&nbsp;Vertragssprache, Vertragstextspeicherung<\/h2>\n\n\n\n<p>Die f\u00fcr den Vertragsschluss zur Verf\u00fcgung stehende(n) Sprache(n): Deutsch<\/p>\n\n\n\n<p>Der Vertragstext wird von uns nicht gespeichert.<\/p>\n\n\n\n<h2 class=\"wp-block-heading\" id=\"vertragsgegenstand\">4.&nbsp;Vertragsgegenstand<\/h2>\n\n\n\n<h3 class=\"wp-block-heading\" id=\"produktbeschreibung\">4.1&nbsp;Produktbeschreibung<\/h3>\n\n\n\n<p>Auf die Geltung der jeweiligen Produktbeschreibung als wesentlicher Bestandteil des Vertrages wird hingewiesen.<\/p>\n\n\n\n<h3 class=\"wp-block-heading\" id=\"produktbilder\">4.2&nbsp;Produktbilder<\/h3>\n\n\n\n<p>Unbeschadet Ihrer gesetzlichen Gew\u00e4hrleistungsrechte m\u00f6chten wir Sie auf die nachfolgenden Besonderheiten hinweisen. Bei Unsicherheiten setzen Sie sich bitte mit uns in Verbindung:<\/p>\n\n\n\n<p>Aufgrund individueller Bildschirmkonfigurationen (z.B. Aufl\u00f6sung und Helligkeit) sind geringf\u00fcgige Abweichungen zwischen den dargestellten und den tats\u00e4chlichen&nbsp;<strong>Produktfarben<\/strong>&nbsp;m\u00f6glich.<\/p>\n\n\n\n<h2 class=\"wp-block-heading\" id=\"anforderungen_und_umgang_mit_kundeninhalten\">5.&nbsp;Anforderungen und Umgang mit Kundeninhalten<\/h2>\n\n\n\n<h3 class=\"wp-block-heading\" id=\"anforderungen\">5.1&nbsp;Anforderungen<\/h3>\n\n\n\n<p>Sofern f\u00fcr die Erf\u00fcllung des Auftrags erforderlich ist, dass Sie uns Inhalte (z.B. Texte, Daten, Dateien) \u00fcbermitteln, richten sich die hierf\u00fcr bestehenden technischen M\u00f6glichkeiten sowie die gegebenenfalls geltenden Anforderungen nach der jeweiligen Produktbeschreibung.<\/p>\n\n\n\n<p>Sie sind f\u00fcr den Inhalt einschlie\u00dflich der Rechtm\u00e4\u00dfigkeit und der Richtigkeit der von Ihnen \u00fcbermittelten Inhalte ausschlie\u00dflich verantwortlich. Wir nehmen keine inhaltlich-redaktionelle Pr\u00fcfung vor Ausf\u00fchrung des Auftrags vor.<\/p>\n\n\n\n<h3 class=\"wp-block-heading\" id=\"einhaltung_des_geltenden_rechts\">5.2&nbsp;Einhaltung des geltenden Rechts<\/h3>\n\n\n\n<p>Die Inhalte sowie die daraus zu erstellenden Erzeugnisse m\u00fcssen stets im Einklang mit den jeweils geltenden rechtlichen Bestimmungen stehen. Insbesondere d\u00fcrfen sie keine Rechte und Anspr\u00fcche Dritter (insbesondere Urheber-, Marken- oder sonstige Schutzrechte) verletzen sowie keine gewaltverherrlichenden, diskriminierenden, rassistischen, fremdenfeindlichen oder anderen sittenwidrigen oder verfassungsfeindlichen Inhalte aufweisen bzw. Zwecken dienen.<\/p>\n\n\n\n<h3 class=\"wp-block-heading\" id=\"freistellung\">5.3&nbsp;Freistellung<\/h3>\n\n\n\n<p>Sie stellen uns von Anspr\u00fcchen Dritter frei, die diese im Zusammenhang mit einer Verletzung ihrer Rechte durch die vertragsgem\u00e4\u00dfe Nutzung durch uns geltend machen k\u00f6nnen. Sie \u00fcbernehmen hierbei auch die notwendigen Kosten der Rechtsverteidigung einschlie\u00dflich aller Gerichts- und Anwaltskosten in gesetzlicher H\u00f6he. Die Freistellung gilt nicht, soweit die Rechtsverletzung nicht von Ihnen zu vertreten ist. Sie sind verpflichtet, uns im Falle einer Inanspruchnahme durch Dritte unverz\u00fcglich, wahrheitsgem\u00e4\u00df und vollst\u00e4ndig alle Informationen zur Verf\u00fcgung zu stellen, die f\u00fcr die Pr\u00fcfung der Anspr\u00fcche und eine Verteidigung erforderlich sind.<\/p>\n\n\n\n<h3 class=\"wp-block-heading\" id=\"r\u00fccktrittsvorbehalt\">5.4&nbsp;R\u00fccktrittsvorbehalt<\/h3>\n\n\n\n<p>Wir behalten uns vor, den Auftrag abzulehnen oder vom Vertrag zur\u00fcckzutreten, wenn die von Ihnen hierf\u00fcr \u00fcberlassenen Inhalte gegen gesetzliche oder beh\u00f6rdliche Verbote oder gegen die guten Sitten versto\u00dfen oder ein diesbez\u00fcglicher begr\u00fcndeter Verdacht vorliegt. Dies gilt insbesondere bei \u00dcberlassung verfassungsfeindlicher, rassistischer, fremdenfeindlicher, diskriminierender, beleidigender, jugendgef\u00e4hrdender und\/oder Gewalt verherrlichender Inhalte.<\/p>\n\n\n\n<h2 class=\"wp-block-heading\" id=\"lieferbedingungen\">6.&nbsp;Lieferbedingungen<\/h2>\n\n\n\n<h3 class=\"wp-block-heading\" id=\"versandkosten\">6.1&nbsp;Versandkosten<\/h3>\n\n\n\n<p>Der&nbsp;<strong>Standardversand&nbsp;<\/strong>erfolgt versandkostenfrei ab einem Bestellwert in H\u00f6he von 100 Euro inkl. MwSt.<\/p>\n\n\n\n<h3 class=\"wp-block-heading\" id=\"lieferoptionen\">6.2&nbsp;Lieferoptionen<\/h3>\n\n\n\n<p>Wir versenden die Produkte an die im Bestellprozess angegebene Lieferadresse.<\/p>\n\n\n\n<p>Wir liefern nur im Versandweg. Eine Selbstabholung der Ware ist leider nicht m\u00f6glich.<\/p>\n\n\n\n<h2 class=\"wp-block-heading\" id=\"bezahlung\">7.&nbsp;Bezahlung<\/h2>\n\n\n\n<h3 class=\"wp-block-heading\" id=\"preise\">7.1&nbsp; Preise<\/h3>\n\n\n\n<p>Es gelten die zum Zeitpunkt der Bestellung angegebenen Preise. Diese sind Gesamtpreise und enthalten die gesetzliche Mehrwertsteuer.<\/p>\n\n\n\n<h3 class=\"wp-block-heading\" id=\"zahlungsarten\">7.2&nbsp;Zahlungsarten<\/h3>\n\n\n\n<p>In unserem Shop stehen Ihnen grunds\u00e4tzlich die nachfolgenden Zahlungsarten zur Verf\u00fcgung.<\/p>\n\n\n\n<p><strong>Vorkasse<\/strong><br>Bei Auswahl der Zahlungsart Vorkasse nennen wir Ihnen unsere Bankverbindung in separater E-Mail und liefern die Ware nach Zahlungseingang.<\/p>\n\n\n\n<p><strong>Kreditkarte<\/strong><br>Im Bestellprozess geben Sie Ihre Kreditkartendaten an. Ihre Karte wird unmittelbar nach Abgabe der Bestellung belastet.<\/p>\n\n\n\n<p><strong>SEPA-Lastschriftverfahren<\/strong><br>Mit Abgabe der Bestellung erteilen Sie uns ein SEPA-Lastschriftmandat. \u00dcber das Datum der Kontobelastung werden wir Sie mindestens einen Bankgesch\u00e4ftstag im Voraus informieren (sog. Prenotification). Ein Bankgesch\u00e4ftstag ist jeder Werktag mit Ausnahme von Samstagen, bundeseinheitlichen gesetzlichen Feiertagen sowie der 24. Und 31. Dezember eines jeden Jahres. Die Kontobelastung erfolgt vor Versand der Ware.<\/p>\n\n\n\n<p><strong>Klarna<\/strong><br>In Zusammenarbeit mit dem Zahlungsdienstleister Klarna Bank AB (publ.), Sveav\u00e4gen 46, 111 34 Stockholm, Schweden (\u201eKlarna\u201c) bieten wir Ihnen die nachfolgenden Zahlungsoptionen an. Die Zahlung \u00fcber Klarna ist nur f\u00fcr Verbraucher verf\u00fcgbar. Sofern nachfolgend nichts anderes geregelt ist, setzt die Zahlung \u00fcber Klarna eine erfolgreiche Adress- und Bonit\u00e4tspr\u00fcfung voraus und sie erfolgt direkt an Klarna. Weitere Hinweise erhalten Sie bei der jeweiligen Zahlungsoption und im Bestellprozess.<\/p>\n\n\n\n<p><strong>Kauf auf Rechnung \u00fcber Klarna<\/strong><br>Der Rechnungsbetrag ist 14 Tage nach Versand der Ware und Erhalt der Rechnung f\u00e4llig.<\/p>\n\n\n\n<p>Klarna kann registrierten und nach eigenen Kriterien ausgew\u00e4hlten Klarna-Kunden weitere Zahlungsmodalit\u00e4ten im Kundenkonto anbieten. Auf das Anbieten dieser Modalit\u00e4ten haben wir allerdings keinen Einfluss; weitere individuell angebotene Zahlungsmodalit\u00e4ten betreffen Ihr Rechtsverh\u00e4ltnis mit Klarna. Weitere Informationen hierzu finden Sie in Ihrem Klarna-Konto.<\/p>\n\n\n\n<p>PayPal, PayPal Express<br>Um den Rechnungsbetrag \u00fcber den Zahlungsdienstleister PayPal (Europe) S.\u00e0 r.l. et Cie, S.C.A, 22-24 Boulevard Royal, L-2449 Luxembourg (\u201ePayPal\u201c) bezahlen zu k\u00f6nnen, m\u00fcssen Sie bei PayPal registriert sein, sich mit Ihren Zugangsdaten legitimieren und die Zahlungsanweisung best\u00e4tigen. Die Zahlungstransaktion wird durch PayPal unmittelbar nach Abgabe der Bestellung durchgef\u00fchrt. Weitere Hinweise erhalten Sie im Bestellvorgang.<\/p>\n\n\n\n<p>PayPal kann registrierten und nach eigenen Kriterien ausgew\u00e4hlten PayPal-Kunden weitere Zahlungsmodalit\u00e4ten im Kundenkonto anbieten. Auf das Anbieten dieser Modalit\u00e4ten haben wir allerdings keinen Einfluss; weitere individuell angebotene Zahlungsmodalit\u00e4ten betreffen Ihr Rechtsverh\u00e4ltnis mit PayPal. Weitere Informationen hierzu finden Sie in Ihrem PayPal-Konto.<\/p>\n\n\n\n<p><strong>PayPal<\/strong><br>In Zusammenarbeit mit dem Zahlungsdienstleister PayPal (Europe) S.\u00e0 r.l. et Cie, S.C.A, 22-24 Boulevard Royal, L-2449 Luxembourg (\u201ePayPal\u201c) bieten wir Ihnen die nachfolgenden Zahlungsoptionen als PayPal Services an. Sofern nachfolgend nichts anderes geregelt ist, setzt die Zahlung \u00fcber PayPal keine Registrierung bei PayPal voraus. Weitere Hinweise erhalten Sie bei der jeweiligen Zahlungsoption und im Bestellvorgang.<\/p>\n\n\n\n<p><strong>PayPal, PayPal Express<\/strong><br>Um den Rechnungsbetrag \u00fcber die Zahlungsoption PayPal bezahlen zu k\u00f6nnen, m\u00fcssen Sie bei PayPal registriert sein, sich mit Ihren Zugangsdaten legitimieren und die Zahlungsanweisung best\u00e4tigen. Die Zahlungstransaktion wird durch PayPal unmittelbar nach Abgabe der Bestellung durchgef\u00fchrt.<\/p>\n\n\n\n<p>PayPal kann registrierten und nach eigenen Kriterien ausgew\u00e4hlten PayPal-Kunden weitere Zahlungsmodalit\u00e4ten im Kundenkonto anbieten. Auf das Anbieten dieser Modalit\u00e4ten haben wir allerdings keinen Einfluss; weitere individuell angebotene Zahlungsmodalit\u00e4ten betreffen Ihr Rechtsverh\u00e4ltnis mit PayPal. Weitere Informationen hierzu finden Sie in Ihrem PayPal-Konto.<\/p>\n\n\n\n<p><strong>Kreditkarte \u00fcber PayPal<\/strong><br>Ihre Karte wird durch PayPal nach Versendung der Ware belastet.<\/p>\n\n\n\n<p><strong>Lastschrift \u00fcber PayPal<\/strong><br>Die Zahlung per Lastschrift \u00fcber PayPal setzt eine Adress- und Bonit\u00e4tspr\u00fcfung voraus und erfolgt direkt an PayPal. Mit Best\u00e4tigung der Zahlungsanweisung erteilen Sie PayPal ein Lastschriftmandat. \u00dcber das Datum der Kontobelastung werden Sie von PayPal informiert (sog. Prenotification). Die Kontobelastung erfolgt vor Versendung der Ware.<\/p>\n\n\n\n<p><strong>Sofort by Klarna<\/strong><br>Um den Rechnungsbetrag \u00fcber den Zahlungsdienstleister Sofort GmbH, Theresienh\u00f6he 12, 80339 M\u00fcnchen bezahlen zu k\u00f6nnen, m\u00fcssen Sie \u00fcber ein f\u00fcr Online-Banking freigeschaltetes Bankkonto verf\u00fcgen, sich entsprechend legitimieren und die Zahlungsanweisung best\u00e4tigen. Ihr Konto wird unmittelbar nach Abgabe der Bestellung belastet. Weitere Hinweise erhalten Sie im Bestellvorgang.<\/p>\n\n\n\n<h2 class=\"wp-block-heading\" id=\"transportsch\u00e4den\">8.&nbsp;Transportsch\u00e4den<\/h2>\n\n\n\n<p>Werden Waren mit offensichtlichen Transportsch\u00e4den angeliefert, so reklamieren Sie solche Fehler bitte m\u00f6glichst sofort beim Zusteller und nehmen Sie bitte unverz\u00fcglich Kontakt zu uns auf. Die Vers\u00e4umung einer Reklamation oder Kontaktaufnahme hat f\u00fcr Ihre gesetzlichen Anspr\u00fcche und deren Durchsetzung, insbesondere Ihre Gew\u00e4hrleistungsrechte, keinerlei Konsequenzen. Sie helfen uns aber, unsere eigenen Anspr\u00fcche gegen\u00fcber dem Frachtf\u00fchrer bzw. der Transportversicherung geltend machen zu k\u00f6nnen.<\/p>\n\n\n\n<h2 class=\"wp-block-heading\" id=\"gew\u00e4hrleistung_und_garantien\">9.&nbsp;Gew\u00e4hrleistung und Garantien<\/h2>\n\n\n\n<h3 class=\"wp-block-heading\" id=\"m\u00e4ngelhaftungsrecht\">9.1&nbsp;M\u00e4ngelhaftungsrecht<\/h3>\n\n\n\n<p>Es gilt das gesetzliche M\u00e4ngelhaftungsrecht.<\/p>\n\n\n\n<h3 class=\"wp-block-heading\" id=\"garantien_und_kundendienst\">9.2&nbsp;Garantien und Kundendienst<\/h3>\n\n\n\n<p>Informationen zu gegebenenfalls geltenden zus\u00e4tzlichen Garantien und deren genaue Bedingungen finden Sie jeweils beim Produkt und auf besonderen Informationsseiten im Online-Shop.<\/p>\n\n\n\n<h2 class=\"wp-block-heading\" id=\"streitbeilegung\">10.&nbsp;Streitbeilegung<\/h2>\n\n\n\n<p>Die Europ\u00e4ische Kommission stellt eine Plattform zur Online-Streitbeilegung (OS) bereit, die Sie&nbsp;<a href=\"https:\/\/ec.europa.eu\/consumers\/odr\/\" target=\"_blank\" rel=\"noreferrer noopener\">hier<\/a>&nbsp;finden.<\/p>\n\n\n\n<p><strong>Wichtiger Hinweis:<\/strong>&nbsp;Die Plattform zur Online-Streitbeilegung (OS) wird zum 20.7.2025 endg\u00fcltig eingestellt. Die Einreichung von Beschwerden auf der OS-Plattform wird daher bereits am 20.3.2025 eingestellt. Zur Teilnahme an einem Streitbeilegungsverfahren vor einer Verbraucherschlichtungsstelle sind wir nicht verpflichtet und nicht bereit.<\/p>\n\n<div class=\"woocommerce woocommerce-gzd woocommerce-gzd-complaints-shortcode\">\n\t\t\t<h3>Alternative Dispute Resolution in accordance with Art. 14 (1) ODR-VO and \u00a7 36 VSBG:<\/h3>\n\t\nZur Teilnahme an einem Streitbeilegungsverfahren vor einer Verbraucherschlichtungsstelle sind wir nicht verpflichtet und nicht bereit.<\/div>","protected":false},"excerpt":{"rendered":"<p>Allgemeine Gesch\u00e4ftsbedingungen 1.&nbsp;Geltungsbereich2.&nbsp;Vertragspartner, Vertragsschluss, Korrekturm\u00f6glichkeiten3.&nbsp;Vertragssprache, Vertragstextspeicherung4.&nbsp;Vertragsgegenstand5.&nbsp;Anforderungen und Umgang mit Kundeninhalten6.&nbsp;Lieferbedingungen7.&nbsp;Bezahlung8.&nbsp;Transportsch\u00e4den9.&nbsp;Gew\u00e4hrleistung und Garantien10.&nbsp;Streitbeilegung 1.&nbsp;Geltungsbereich F\u00fcr alle Bestellungen \u00fcber unseren Online-Shop gelten die nachfolgenden AGB. Unser Online-Shop richtet sich ausschlie\u00dflich an Verbraucher. Verbraucher ist jede nat\u00fcrliche Person, die ein Rechtsgesch\u00e4ft zu Zwecken abschlie\u00dft, die \u00fcberwiegend weder ihrer gewerblichen noch ihrer selbst\u00e4ndigen beruflichen T\u00e4tigkeit zugerechnet werden k\u00f6nnen. Unternehmer [&hellip;]<\/p>\n","protected":false},"author":1,"featured_media":0,"parent":0,"menu_order":0,"comment_status":"closed","ping_status":"closed","template":"template-multi-cols.php","meta":{"_acf_changed":false,"footnotes":""},"class_list":["post-1394","page","type-page","status-publish","hentry"],"aioseo_notices":[],"acf":[],"jetpack_sharing_enabled":true,"_links":{"self":[{"href":"https:\/\/zimbany.com\/en\/wp-json\/wp\/v2\/pages\/1394","targetHints":{"allow":["GET"]}}],"collection":[{"href":"https:\/\/zimbany.com\/en\/wp-json\/wp\/v2\/pages"}],"about":[{"href":"https:\/\/zimbany.com\/en\/wp-json\/wp\/v2\/types\/page"}],"author":[{"embeddable":true,"href":"https:\/\/zimbany.com\/en\/wp-json\/wp\/v2\/users\/1"}],"replies":[{"embeddable":true,"href":"https:\/\/zimbany.com\/en\/wp-json\/wp\/v2\/comments?post=1394"}],"version-history":[{"count":4,"href":"https:\/\/zimbany.com\/en\/wp-json\/wp\/v2\/pages\/1394\/revisions"}],"predecessor-version":[{"id":4960,"href":"https:\/\/zimbany.com\/en\/wp-json\/wp\/v2\/pages\/1394\/revisions\/4960"}],"wp:attachment":[{"href":"https:\/\/zimbany.com\/en\/wp-json\/wp\/v2\/media?parent=1394"}],"curies":[{"name":"wp","href":"https:\/\/api.w.org\/{rel}","templated":true}]}}